{"id":2553,"date":"2025-12-15T22:26:30","date_gmt":"2025-12-15T21:26:30","guid":{"rendered":"http:\/\/corredorjuarez.com\/?page_id=2553"},"modified":"2025-12-26T22:01:50","modified_gmt":"2025-12-26T21:01:50","slug":"arte","status":"publish","type":"page","link":"https:\/\/corredorjuarez.com\/index.php\/arte\/","title":{"rendered":"Arte"},"content":{"rendered":"\t\t<div data-elementor-type=\"wp-page\" data-elementor-id=\"2553\" class=\"elementor elementor-2553\">\n\t\t\t\t<div class=\"elementor-element elementor-element-2fdbb7ef e-flex e-con-boxed e-con e-parent\" data-id=\"2fdbb7ef\" data-element_type=\"container\" data-e-type=\"container\" data-settings=\"{&quot;background_background&quot;:&quot;classic&quot;}\">\n\t\t\t\t\t<div class=\"e-con-inner\">\n\t\t<div class=\"elementor-element elementor-element-296d6aa9 e-con-full e-flex e-con e-child\" data-id=\"296d6aa9\" data-element_type=\"container\" data-e-type=\"container\">\n\t\t\t\t<div class=\"elementor-element elementor-element-70462b8c elementor-widget elementor-widget-heading\" data-id=\"70462b8c\" data-element_type=\"widget\" data-e-type=\"widget\" data-widget_type=\"heading.default\">\n\t\t\t\t\t<h2 class=\"elementor-heading-title elementor-size-default\"><br>ESTABLECIMIENTOS<\/h2>\t\t\t\t<\/div>\n\t\t\t\t<\/div>\n\t\t<div class=\"elementor-element elementor-element-77ea1a89 e-con-full e-flex e-con e-child\" data-id=\"77ea1a89\" data-element_type=\"container\" data-e-type=\"container\">\n\t\t\t\t<\/div>\n\t\t\t\t\t<\/div>\n\t\t\t\t<\/div>\n\t\t\t\t<section class=\"elementor-section elementor-top-section elementor-element elementor-element-73f9320f elementor-section-boxed elementor-section-height-default elementor-section-height-default\" data-id=\"73f9320f\" data-element_type=\"section\" data-e-type=\"section\">\n\t\t\t\t\t\t<div class=\"elementor-container elementor-column-gap-no\">\n\t\t\t\t\t<div class=\"elementor-column elementor-col-100 elementor-top-column elementor-element elementor-element-42802a5f\" data-id=\"42802a5f\" data-element_type=\"column\" data-e-type=\"column\">\n\t\t\t<div class=\"elementor-widget-wrap elementor-element-populated\">\n\t\t\t\t\t\t<div class=\"elementor-element elementor-element-6996c41 elementor-widget elementor-widget-spacer\" data-id=\"6996c41\" data-element_type=\"widget\" data-e-type=\"widget\" data-widget_type=\"spacer.default\">\n\t\t\t\t\t\t\t<div class=\"elementor-spacer\">\n\t\t\t<div class=\"elementor-spacer-inner\"><\/div>\n\t\t<\/div>\n\t\t\t\t\t\t<\/div>\n\t\t\t\t<div class=\"elementor-element elementor-element-1bf20eeb elementor-widget elementor-widget-heading\" data-id=\"1bf20eeb\" data-element_type=\"widget\" data-e-type=\"widget\" data-widget_type=\"heading.default\">\n\t\t\t\t\t<h2 class=\"elementor-heading-title elementor-size-default\">ARTE<\/h2>\t\t\t\t<\/div>\n\t\t<div class=\"elementor-element elementor-element-7a5325af e-flex e-con-boxed e-con e-parent\" data-id=\"7a5325af\" data-element_type=\"container\" data-e-type=\"container\">\n\t\t\t\t\t<div class=\"e-con-inner\">\n\t\t<div class=\"elementor-element elementor-element-41def3b9 e-con-full e-flex e-con e-child\" data-id=\"41def3b9\" data-element_type=\"container\" data-e-type=\"container\">\n\t\t\t\t<div class=\"elementor-element elementor-element-7293fd03 elementor-widget__width-initial elementor-widget-divider--view-line elementor-widget elementor-widget-divider\" data-id=\"7293fd03\" data-element_type=\"widget\" data-e-type=\"widget\" data-widget_type=\"divider.default\">\n\t\t\t\t\t\t\t<div class=\"elementor-divider\">\n\t\t\t<span class=\"elementor-divider-separator\">\n\t\t\t\t\t\t<\/span>\n\t\t<\/div>\n\t\t\t\t\t\t<\/div>\n\t\t<a class=\"elementor-element elementor-element-f7fefbd e-con-full e-flex e-con e-child\" data-id=\"f7fefbd\" data-element_type=\"container\" data-e-type=\"container\" data-settings=\"{&quot;background_background&quot;:&quot;classic&quot;}\" href=\"https:\/\/corredorjuarez.com\/index.php\/casamilan\/\">\n\t\t\t\t<div class=\"elementor-element elementor-element-7f5cdead elementor-widget elementor-widget-text-editor\" data-id=\"7f5cdead\" data-element_type=\"widget\" data-e-type=\"widget\" data-widget_type=\"text-editor.default\">\n\t\t\t\t\t\t\t\t\t<h2 class=\"lang-es notranslate\" style=\"font-family: 'Pump Demi Bold', sans-serif; color: white;\">\nCasa Mil\u00e1n<\/h2>\n<h2 class=\"lang-en notranslate\" style=\"font-family: 'Pump Demi Bold', sans-serif; color: white;\">Casa Mil\u00e1n<\/h2>\t\t\t\t\t\t\t\t<\/div>\n\t\t\t\t<\/a>\n\t\t\t\t<div class=\"elementor-element elementor-element-5e740f81 elementor-widget__width-initial elementor-widget-divider--view-line elementor-widget elementor-widget-divider\" data-id=\"5e740f81\" data-element_type=\"widget\" data-e-type=\"widget\" data-widget_type=\"divider.default\">\n\t\t\t\t\t\t\t<div class=\"elementor-divider\">\n\t\t\t<span class=\"elementor-divider-separator\">\n\t\t\t\t\t\t<\/span>\n\t\t<\/div>\n\t\t\t\t\t\t<\/div>\n\t\t<a class=\"elementor-element elementor-element-5b8ec11a e-con-full e-flex e-con e-child\" data-id=\"5b8ec11a\" data-element_type=\"container\" data-e-type=\"container\" data-settings=\"{&quot;background_background&quot;:&quot;classic&quot;}\" href=\"https:\/\/corredorjuarez.com\/index.php\/galeria-ethra\/\">\n\t\t\t\t<div class=\"elementor-element elementor-element-acd7d9a elementor-widget elementor-widget-text-editor\" data-id=\"acd7d9a\" data-element_type=\"widget\" data-e-type=\"widget\" data-widget_type=\"text-editor.default\">\n\t\t\t\t\t\t\t\t\t<h2 class=\"lang-es notranslate\" style=\"font-family: 'Pump Demi Bold', sans-serif; color: white;\">\nGaler\u00eda Ethra<\/h2>\n<h2 class=\"lang-en notranslate\" style=\"font-family: 'Pump Demi Bold', sans-serif; color: white;\">Galer\u00eda Ethra<\/h2>\t\t\t\t\t\t\t\t<\/div>\n\t\t\t\t<\/a>\n\t\t\t\t<\/div>\n\t\t\t\t\t<\/div>\n\t\t\t\t<\/div>\n\t\t\t\t\t<\/div>\n\t\t<\/div>\n\t\t\t\t\t<\/div>\n\t\t<\/section>\n\t\t\t\t<\/div>\n\t\t","protected":false},"excerpt":{"rendered":"<p>ESTABLECIMIENTOS ARTE Casa Mil\u00e1n Casa Mil\u00e1n Galer\u00eda Ethra Galer\u00eda Ethra<\/p>\n","protected":false},"author":1,"featured_media":0,"parent":0,"menu_order":0,"comment_status":"closed","ping_status":"closed","template":"","meta":{"footnotes":""},"class_list":["post-2553","page","type-page","status-publish","hentry"],"blocksy_meta":[],"_links":{"self":[{"href":"https:\/\/corredorjuarez.com\/index.php\/wp-json\/wp\/v2\/pages\/2553","targetHints":{"allow":["GET"]}}],"collection":[{"href":"https:\/\/corredorjuarez.com\/index.php\/wp-json\/wp\/v2\/pages"}],"about":[{"href":"https:\/\/corredorjuarez.com\/index.php\/wp-json\/wp\/v2\/types\/page"}],"author":[{"embeddable":true,"href":"https:\/\/corredorjuarez.com\/index.php\/wp-json\/wp\/v2\/users\/1"}],"replies":[{"embeddable":true,"href":"https:\/\/corredorjuarez.com\/index.php\/wp-json\/wp\/v2\/comments?post=2553"}],"version-history":[{"count":10,"href":"https:\/\/corredorjuarez.com\/index.php\/wp-json\/wp\/v2\/pages\/2553\/revisions"}],"predecessor-version":[{"id":3394,"href":"https:\/\/corredorjuarez.com\/index.php\/wp-json\/wp\/v2\/pages\/2553\/revisions\/3394"}],"wp:attachment":[{"href":"https:\/\/corredorjuarez.com\/index.php\/wp-json\/wp\/v2\/media?parent=2553"}],"curies":[{"name":"wp","href":"https:\/\/api.w.org\/{rel}","templated":true}]}}