{"id":2333,"date":"2025-12-17T03:02:00","date_gmt":"2025-12-17T02:02:00","guid":{"rendered":"http:\/\/corredorjuarez.com\/?page_id=2333"},"modified":"2025-12-26T01:23:47","modified_gmt":"2025-12-26T00:23:47","slug":"taninartbar","status":"publish","type":"page","link":"https:\/\/corredorjuarez.com\/index.php\/taninartbar\/","title":{"rendered":"TaninArtBar"},"content":{"rendered":"\t\t<div data-elementor-type=\"wp-page\" data-elementor-id=\"2333\" class=\"elementor elementor-2333\">\n\t\t\t\t<div class=\"elementor-element elementor-element-61af7911 e-con-full e-flex e-con e-parent\" data-id=\"61af7911\" data-element_type=\"container\" data-e-type=\"container\" data-settings=\"{&quot;background_background&quot;:&quot;classic&quot;}\">\n\t\t<div class=\"elementor-element elementor-element-52425cd5 e-con-full e-flex e-con e-child\" data-id=\"52425cd5\" data-element_type=\"container\" data-e-type=\"container\">\n\t\t\t\t<div class=\"elementor-element elementor-element-e3d2442 elementor-widget elementor-widget-heading\" data-id=\"e3d2442\" data-element_type=\"widget\" data-e-type=\"widget\" data-widget_type=\"heading.default\">\n\t\t\t\t\t<h1 class=\"elementor-heading-title elementor-size-default\"><h1 class=\"lang-es notranslate\" style=\"font-family: 'Pump Demi Bold', sans-serif;font-size:50px;margin-bottom: -7px\">TANNIN ARTBAR<\/h1>\n\n<h4 class=\"lang-es notranslate\">WINEBAR Y GALERIA DE ARTE<\/h4>\n\n<h1 class=\"lang-en notranslate\" style=\"font-family: 'Pump Demi Bold', sans-serif;font-size:50px;margin-bottom: -7px\">TANNIN ARTBAR<\/h1>\n\n<h4 class=\"lang-en notranslate\">Winebar &amp; Art Gallery<\/h4><\/h1>\t\t\t\t<\/div>\n\t\t<div class=\"elementor-element elementor-element-26c2c710 e-con-full e-flex e-con e-child\" data-id=\"26c2c710\" data-element_type=\"container\" data-e-type=\"container\">\n\t\t\t\t<div class=\"elementor-element elementor-element-4b935a5d elementor-widget elementor-widget-image\" data-id=\"4b935a5d\" data-element_type=\"widget\" data-e-type=\"widget\" data-widget_type=\"image.default\">\n\t\t\t\t\t\t\t\t\t\t\t\t\t\t\t<img fetchpriority=\"high\" decoding=\"async\" width=\"500\" height=\"500\" src=\"https:\/\/corredorjuarez.com\/wp-content\/uploads\/2025\/12\/TANNIN-LOGO-NEGRO.png\" class=\"attachment-large size-large wp-image-2930\" alt=\"\" srcset=\"https:\/\/corredorjuarez.com\/wp-content\/uploads\/2025\/12\/TANNIN-LOGO-NEGRO.png 500w, https:\/\/corredorjuarez.com\/wp-content\/uploads\/2025\/12\/TANNIN-LOGO-NEGRO-300x300.png 300w, https:\/\/corredorjuarez.com\/wp-content\/uploads\/2025\/12\/TANNIN-LOGO-NEGRO-150x150.png 150w\" sizes=\"(max-width: 500px) 100vw, 500px\" \/>\t\t\t\t\t\t\t\t\t\t\t\t\t\t\t<\/div>\n\t\t\t\t<\/div>\n\t\t\t\t<div class=\"elementor-element elementor-element-72d9d0c1 elementor-widget elementor-widget-text-editor\" data-id=\"72d9d0c1\" data-element_type=\"widget\" data-e-type=\"widget\" data-widget_type=\"text-editor.default\">\n\t\t\t\t\t\t\t\t\t<p style=\"text-align: justify;\">Tannin Art Bar es un lugar \u00fanico donde el arte y el vino se unen para ofrecerte una experiencia excepcional. Nuestra selecci\u00f3n \u00fanica incluye m\u00e1s de 160 vinos de todo el mundo: Francia, Italia, Espa\u00f1a, Portugal, Estados Unidos, Argentina, Chile, M\u00e9xico y otros. Contamos con un amplio copeo. Nuestro sommelier te dar\u00e1 un recorrido y te ayudar\u00e1 a elegir la mejor opci\u00f3n para ti, adem\u00e1s de recomendarte el mejor maridaje para el vino de nuestro increible men\u00fa. El lugar tambi\u00e9n ofrece una galer\u00eda de arte en el segundo piso. El arte y el ambiente acogedor garantizar\u00e1n un momento incre\u00edble y brindar\u00e1n una gran experiencia est\u00e9tica y gastron\u00f3mica.<\/p>\n<p style=\"text-decoration: underline;\"><a href=\"https:\/\/www.google.com\/maps\/place\/Tannin+Artbar\/@19.4257749,-99.1592802,17z\/data=!3m1!4b1!4m6!3m5!1s0x85d1ff7086ff1d55:0x65dff6be5e5f72ee!8m2!3d19.4257699!4d-99.1567053!16s%2Fg%2F11y24kq7nz?entry=ttu&amp;g_ep=EgoyMDI1MTEyMy4xIKXMDSoASAFQAw%3D%3D\"><i class=\"fa-solid fa-map-pin\" style=\"color: #ff00e7;\"><\/i>Versalles 113<\/a><\/p>\n<p style=\"text-decoration: underline;\"><a href=\"https:\/\/www.instagram.com\/tannin.artbar\/?hl=es\"><i class=\"fa-brands fa-instagram\" style=\"color: #ff00e7;\"><\/i>@tannin.artbar<\/a><\/p>\n<p>\n<i class=\"fa-regular fa-calendar\" style=\"color: #ff00e7;\"><\/i>Miercoles a Sabado de 14:00 a 00:00\n<\/p>\n<p>\n<i class=\"fa-regular fa-calendar\" style=\"color: #ff00e7;\"><\/i>Domingo de 14:00 a 20:00\n<\/p>\n<p>\n<i class=\"fa-regular fa-note-sticky\" style=\"color: #ff00e7;\"><\/i>Pet Friendly y Terraza\n<\/p>\n<a href=\"tel:5513436004\"><i class=\"fa-solid fa-phone\" style=\"color: #ff00e7;\"><\/i>5513436004<\/a>\t\t\t\t\t\t\t\t<\/div>\n\t\t\t\t<\/div>\n\t\t<div class=\"elementor-element elementor-element-6550abde e-con-full e-flex e-con e-child\" data-id=\"6550abde\" data-element_type=\"container\" data-e-type=\"container\">\n\t\t\t\t<div class=\"elementor-element elementor-element-3ff975 elementor-widget elementor-widget-image\" data-id=\"3ff975\" data-element_type=\"widget\" data-e-type=\"widget\" data-widget_type=\"image.default\">\n\t\t\t\t\t\t\t\t\t\t\t\t\t\t\t<img decoding=\"async\" width=\"1024\" height=\"1024\" src=\"https:\/\/corredorjuarez.com\/wp-content\/uploads\/2025\/12\/Tannin_foto2-1024x1024.jpg\" class=\"attachment-large size-large wp-image-2929\" alt=\"\" srcset=\"https:\/\/corredorjuarez.com\/wp-content\/uploads\/2025\/12\/Tannin_foto2-1024x1024.jpg 1024w, https:\/\/corredorjuarez.com\/wp-content\/uploads\/2025\/12\/Tannin_foto2-300x300.jpg 300w, https:\/\/corredorjuarez.com\/wp-content\/uploads\/2025\/12\/Tannin_foto2-150x150.jpg 150w, https:\/\/corredorjuarez.com\/wp-content\/uploads\/2025\/12\/Tannin_foto2-768x768.jpg 768w, https:\/\/corredorjuarez.com\/wp-content\/uploads\/2025\/12\/Tannin_foto2.jpg 1080w\" sizes=\"(max-width: 1024px) 100vw, 1024px\" \/>\t\t\t\t\t\t\t\t\t\t\t\t\t\t\t<\/div>\n\t\t\t\t<\/div>\n\t\t\t\t<\/div>\n\t\t\t\t<\/div>\n\t\t","protected":false},"excerpt":{"rendered":"<p>TANNIN ARTBAR WINEBAR Y GALERIA DE ARTE TANNIN ARTBAR Winebar &amp; Art Gallery Tannin Art Bar es un lugar \u00fanico donde el arte y el vino se unen para ofrecerte una experiencia excepcional. Nuestra selecci\u00f3n \u00fanica incluye m\u00e1s de 160 vinos de todo el mundo: Francia, Italia, Espa\u00f1a, Portugal, Estados Unidos, Argentina, Chile, M\u00e9xico y [&hellip;]<\/p>\n","protected":false},"author":1,"featured_media":0,"parent":0,"menu_order":0,"comment_status":"closed","ping_status":"closed","template":"","meta":{"footnotes":""},"class_list":["post-2333","page","type-page","status-publish","hentry"],"blocksy_meta":[],"_links":{"self":[{"href":"https:\/\/corredorjuarez.com\/index.php\/wp-json\/wp\/v2\/pages\/2333","targetHints":{"allow":["GET"]}}],"collection":[{"href":"https:\/\/corredorjuarez.com\/index.php\/wp-json\/wp\/v2\/pages"}],"about":[{"href":"https:\/\/corredorjuarez.com\/index.php\/wp-json\/wp\/v2\/types\/page"}],"author":[{"embeddable":true,"href":"https:\/\/corredorjuarez.com\/index.php\/wp-json\/wp\/v2\/users\/1"}],"replies":[{"embeddable":true,"href":"https:\/\/corredorjuarez.com\/index.php\/wp-json\/wp\/v2\/comments?post=2333"}],"version-history":[{"count":14,"href":"https:\/\/corredorjuarez.com\/index.php\/wp-json\/wp\/v2\/pages\/2333\/revisions"}],"predecessor-version":[{"id":3431,"href":"https:\/\/corredorjuarez.com\/index.php\/wp-json\/wp\/v2\/pages\/2333\/revisions\/3431"}],"wp:attachment":[{"href":"https:\/\/corredorjuarez.com\/index.php\/wp-json\/wp\/v2\/media?parent=2333"}],"curies":[{"name":"wp","href":"https:\/\/api.w.org\/{rel}","templated":true}]}}