{"id":2307,"date":"2025-12-15T05:23:18","date_gmt":"2025-12-15T04:23:18","guid":{"rendered":"http:\/\/corredorjuarez.com\/?page_id=2307"},"modified":"2025-12-26T21:39:02","modified_gmt":"2025-12-26T20:39:02","slug":"bucareli","status":"publish","type":"page","link":"https:\/\/corredorjuarez.com\/index.php\/bucareli\/","title":{"rendered":"Bucareli"},"content":{"rendered":"\t\t<div data-elementor-type=\"wp-page\" data-elementor-id=\"2307\" class=\"elementor elementor-2307\">\n\t\t\t\t<div class=\"elementor-element elementor-element-3f3a0b42 e-con-full e-flex e-con e-parent\" data-id=\"3f3a0b42\" data-element_type=\"container\" data-e-type=\"container\" data-settings=\"{&quot;background_background&quot;:&quot;classic&quot;}\">\n\t\t<div class=\"elementor-element elementor-element-1363561d e-con-full e-flex e-con e-child\" data-id=\"1363561d\" data-element_type=\"container\" data-e-type=\"container\">\n\t\t\t\t<div class=\"elementor-element elementor-element-5b0ee241 elementor-widget elementor-widget-heading\" data-id=\"5b0ee241\" data-element_type=\"widget\" data-e-type=\"widget\" data-widget_type=\"heading.default\">\n\t\t\t\t\t<h1 class=\"elementor-heading-title elementor-size-default\"><h1 class=\"lang-es notranslate\" style=\"font-family: 'Pump Demi Bold', sans-serif;font-size:50px;margin-bottom: -7px\">Bucareli 108e <\/h1>\n\n<h4 class=\"lang-es notranslate\">Tienda de vinos, licores, productos Gourmet y cocteler\u00eda<\/h4>\n\n<h1 class=\"lang-en notranslate\" style=\"font-family: 'Pump Demi Bold', sans-serif;font-size:50px;margin-bottom: -7px\">Bucareli 108e <\/h1>\n\n<h4 class=\"lang-en notranslate\">Wine &amp; Spirits Shop \/ Gourmet Goods &amp; Cocktails<\/h4><\/h1>\t\t\t\t<\/div>\n\t\t\t\t<div class=\"elementor-element elementor-element-4b3f1130 elementor-widget elementor-widget-text-editor\" data-id=\"4b3f1130\" data-element_type=\"widget\" data-e-type=\"widget\" data-widget_type=\"text-editor.default\">\n\t\t\t\t\t\t\t\t\t<p style=\"text-align: justify;\">Nos dedicamos a la importaci\u00f3n, distribuci\u00f3n y venta de vinos, licores y productos gourmet. Mercado Gama se especializa en la curadur\u00eda y venta de licores y vinos con y sin alcohol. Importaciones Cantabria ofrece un portafolio gourmet que incluye aceites, condimentos, galletas, pastas, pat\u00e9s, salsas, t\u00e9s, ultramarinos, vegetales y frutas en lata, vinagres y vinos.<\/p>\n<p style=\"text-decoration: underline;\"><a href=\"https:\/\/maps.app.goo.gl\/FCVpCX5goazYfGaY7\"><i class=\"fa-solid fa-map-pin\" style=\"color: #ff00e7;\"><\/i>Bucareli 108e <\/a><\/p>\n<p style=\"text-decoration: underline;\"><a href=\"https:\/\/www.instagram.com\/mercadogamamx\/\"><i class=\"fa-brands fa-instagram\" style=\"color: #ff00e7;\"><\/i>@mercadogamamx<\/a><\/p>\n<p style=\"text-decoration: underline;\"><a href=\"https:\/\/www.importacionescantabria.com\/\"><i class=\"fa-solid fa-arrow-up-right-from-square\" style=\"color: #ff00e7;\"><\/i>\nhttps:\/\/mercadogama.mx\n<\/a><\/p>\n<p>\n<i class=\"fa-regular fa-calendar\" style=\"color: #ff00e7;\"><\/i>Lunes: cerrado.\n<\/p>\n<p>\n<i class=\"fa-regular fa-calendar\" style=\"color: #ff00e7;\"><\/i>Martes 11 a.m.\u20136 p.m.\n<\/p>\n<p>\n<i class=\"fa-regular fa-calendar\" style=\"color: #ff00e7;\"><\/i>Mi\u00e9rcoles a Viernes de 11 a.m.\u20137 p.m.\n<\/p>\n<p>\n<i class=\"fa-regular fa-calendar\" style=\"color: #ff00e7;\"><\/i>S\u00e1bado 11 a.m.\u20138 p.m.\n<\/p>\n<p>\n<i class=\"fa-regular fa-calendar\" style=\"color: #ff00e7;\"><\/i>Domingo 10 a.m.\u20133 p.m.\n<\/p>\n\n<i class=\"fa-regular fa-note-sticky\" style=\"color: #ff00e7;\"><\/i>(Adentro Mercado Gama e Importaciones Cantabria)\t\t\t\t\t\t\t\t<\/div>\n\t\t\t\t<\/div>\n\t\t<div class=\"elementor-element elementor-element-28e71ab4 e-con-full e-flex e-con e-child\" data-id=\"28e71ab4\" data-element_type=\"container\" data-e-type=\"container\">\n\t\t\t\t<div class=\"elementor-element elementor-element-600b20ca elementor-widget elementor-widget-image\" data-id=\"600b20ca\" data-element_type=\"widget\" data-e-type=\"widget\" data-widget_type=\"image.default\">\n\t\t\t\t\t\t\t\t\t\t\t\t\t\t\t<img fetchpriority=\"high\" decoding=\"async\" width=\"784\" height=\"556\" src=\"https:\/\/corredorjuarez.com\/wp-content\/uploads\/2025\/12\/Screenshot-2025-12-14-at-10.24.03-p.m.png\" class=\"attachment-large size-large wp-image-2308\" alt=\"\" srcset=\"https:\/\/corredorjuarez.com\/wp-content\/uploads\/2025\/12\/Screenshot-2025-12-14-at-10.24.03-p.m.png 784w, https:\/\/corredorjuarez.com\/wp-content\/uploads\/2025\/12\/Screenshot-2025-12-14-at-10.24.03-p.m-300x213.png 300w, https:\/\/corredorjuarez.com\/wp-content\/uploads\/2025\/12\/Screenshot-2025-12-14-at-10.24.03-p.m-768x545.png 768w\" sizes=\"(max-width: 784px) 100vw, 784px\" \/>\t\t\t\t\t\t\t\t\t\t\t\t\t\t\t<\/div>\n\t\t\t\t<\/div>\n\t\t\t\t<\/div>\n\t\t\t\t<\/div>\n\t\t","protected":false},"excerpt":{"rendered":"<p>Bucareli 108e Tienda de vinos, licores, productos Gourmet y cocteler\u00eda Bucareli 108e Wine &amp; Spirits Shop \/ Gourmet Goods &amp; Cocktails Nos dedicamos a la importaci\u00f3n, distribuci\u00f3n y venta de vinos, licores y productos gourmet. Mercado Gama se especializa en la curadur\u00eda y venta de licores y vinos con y sin alcohol. Importaciones Cantabria ofrece [&hellip;]<\/p>\n","protected":false},"author":1,"featured_media":0,"parent":0,"menu_order":0,"comment_status":"closed","ping_status":"closed","template":"","meta":{"footnotes":""},"class_list":["post-2307","page","type-page","status-publish","hentry"],"blocksy_meta":[],"_links":{"self":[{"href":"https:\/\/corredorjuarez.com\/index.php\/wp-json\/wp\/v2\/pages\/2307","targetHints":{"allow":["GET"]}}],"collection":[{"href":"https:\/\/corredorjuarez.com\/index.php\/wp-json\/wp\/v2\/pages"}],"about":[{"href":"https:\/\/corredorjuarez.com\/index.php\/wp-json\/wp\/v2\/types\/page"}],"author":[{"embeddable":true,"href":"https:\/\/corredorjuarez.com\/index.php\/wp-json\/wp\/v2\/users\/1"}],"replies":[{"embeddable":true,"href":"https:\/\/corredorjuarez.com\/index.php\/wp-json\/wp\/v2\/comments?post=2307"}],"version-history":[{"count":18,"href":"https:\/\/corredorjuarez.com\/index.php\/wp-json\/wp\/v2\/pages\/2307\/revisions"}],"predecessor-version":[{"id":3351,"href":"https:\/\/corredorjuarez.com\/index.php\/wp-json\/wp\/v2\/pages\/2307\/revisions\/3351"}],"wp:attachment":[{"href":"https:\/\/corredorjuarez.com\/index.php\/wp-json\/wp\/v2\/media?parent=2307"}],"curies":[{"name":"wp","href":"https:\/\/api.w.org\/{rel}","templated":true}]}}