{"id":2276,"date":"2025-12-15T04:29:29","date_gmt":"2025-12-15T03:29:29","guid":{"rendered":"http:\/\/corredorjuarez.com\/?page_id=2276"},"modified":"2025-12-26T01:15:57","modified_gmt":"2025-12-26T00:15:57","slug":"machina","status":"publish","type":"page","link":"https:\/\/corredorjuarez.com\/index.php\/machina\/","title":{"rendered":"Machina"},"content":{"rendered":"\t\t<div data-elementor-type=\"wp-page\" data-elementor-id=\"2276\" class=\"elementor elementor-2276\">\n\t\t\t\t<div class=\"elementor-element elementor-element-fd42d7a e-con-full e-flex e-con e-parent\" data-id=\"fd42d7a\" data-element_type=\"container\" data-e-type=\"container\" data-settings=\"{&quot;background_background&quot;:&quot;classic&quot;}\">\n\t\t<div class=\"elementor-element elementor-element-719e3561 e-con-full e-flex e-con e-child\" data-id=\"719e3561\" data-element_type=\"container\" data-e-type=\"container\">\n\t\t\t\t<div class=\"elementor-element elementor-element-1d8e7e92 elementor-widget elementor-widget-heading\" data-id=\"1d8e7e92\" data-element_type=\"widget\" data-e-type=\"widget\" data-widget_type=\"heading.default\">\n\t\t\t\t\t<h1 class=\"elementor-heading-title elementor-size-default\"><h1 class=\"lang-es notranslate\" style=\"font-family: 'Pump Demi Bold', sans-serif;font-size:50px;margin-bottom: -7px\">MACHINA<\/h1>\n\n<h4 class=\"lang-es notranslate\">Marca de moda local <\/h4>\n\n<h1 class=\"lang-en notranslate\" style=\"font-family: 'Pump Demi Bold', sans-serif;font-size:50px;margin-bottom: -7px\">MACHINA<\/h1>\n\n<h4 class=\"lang-en notranslate\">Local Fashion Brand<\/h4><\/h1>\t\t\t\t<\/div>\n\t\t<div class=\"elementor-element elementor-element-710054ae e-con-full e-flex e-con e-child\" data-id=\"710054ae\" data-element_type=\"container\" data-e-type=\"container\">\n\t\t\t\t<div class=\"elementor-element elementor-element-752c3818 elementor-widget elementor-widget-image\" data-id=\"752c3818\" data-element_type=\"widget\" data-e-type=\"widget\" data-widget_type=\"image.default\">\n\t\t\t\t\t\t\t\t\t\t\t\t\t\t\t<img fetchpriority=\"high\" decoding=\"async\" width=\"1024\" height=\"464\" src=\"https:\/\/corredorjuarez.com\/wp-content\/uploads\/2025\/12\/Machina_logo_negro-1024x464.png\" class=\"attachment-large size-large wp-image-2279\" alt=\"\" srcset=\"https:\/\/corredorjuarez.com\/wp-content\/uploads\/2025\/12\/Machina_logo_negro-1024x464.png 1024w, https:\/\/corredorjuarez.com\/wp-content\/uploads\/2025\/12\/Machina_logo_negro-300x136.png 300w, https:\/\/corredorjuarez.com\/wp-content\/uploads\/2025\/12\/Machina_logo_negro-768x348.png 768w, https:\/\/corredorjuarez.com\/wp-content\/uploads\/2025\/12\/Machina_logo_negro-1536x696.png 1536w, https:\/\/corredorjuarez.com\/wp-content\/uploads\/2025\/12\/Machina_logo_negro-2048x928.png 2048w\" sizes=\"(max-width: 1024px) 100vw, 1024px\" \/>\t\t\t\t\t\t\t\t\t\t\t\t\t\t\t<\/div>\n\t\t\t\t<\/div>\n\t\t\t\t<div class=\"elementor-element elementor-element-61863b1c elementor-widget elementor-widget-text-editor\" data-id=\"61863b1c\" data-element_type=\"widget\" data-e-type=\"widget\" data-widget_type=\"text-editor.default\">\n\t\t\t\t\t\t\t\t\t<p style=\"text-align: justify;\">MACHINA se ha convertido en un destino imprescindible para quienes buscan dise\u00f1o visionario, calidad excepcional y una experiencia que va m\u00e1s all\u00e1 de la moda. Cada visita a nuestra flagship en la Ju\u00e1rez confirma lo que las rese\u00f1as destacan: atenci\u00f3n cercana, productos impecables y un espacio que inspira creatividad desde el primer paso. Te invitamos a vivir Machina en persona, descubrir nuestras colecciones de edici\u00f3n limitada y conectar con una comunidad que celebra la innovaci\u00f3n, el ritmo de la ciudad y el poder de las ideas bien ejecutadas. Aqu\u00ed cada detalle importa, y cada visita se convierte en una experiencia memorable.<\/p>\n<p style=\"text-decoration: underline;\"><a href=\"https:\/\/www.google.com\/maps\/place\/MACHINA+WT\/@19.4318143,-99.1568986,17z\/data=!3m1!4b1!4m6!3m5!1s0x85d1ff329d0d6a09:0x40e61f3c3767a87!8m2!3d19.4318093!4d-99.1543237!16s%2Fg%2F11s5zrf3c6?entry=ttu&amp;g_ep=EgoyMDI1MTEyMy4xIKXMDSoASAFQAw%3D%3D\"><i class=\"fa-solid fa-map-pin\" style=\"color: #ff00e7;\"><\/i>Versalles 15, Colonia Ju\u00e1rez, Cuauhtemoc CDMX C.P. 06600<\/a><\/p>\n<p style=\"text-decoration: underline;\"><a href=\"https:\/\/www.instagram.com\/machinawt\/\"><i class=\"fa-brands fa-instagram\" style=\"color: #ff00e7;\"><\/i>@machinawt<\/a><\/p>\n<P>\n<i class=\"fa-regular fa-calendar\" style=\"color: #ff00e7;\"><\/i>Lunes a Domingo 9:00 am a 9:00 pm\n<\/P>\n<P>\n<a href=\"tel:595108 6521\"><i class=\"fa-solid fa-phone\" style=\"color: #ff00e7;\"><\/i>595108 65211<\/a>\n<\/P>\n<P>\n<i class=\"fa-regular fa-note-sticky\" style=\"color: #ff00e7;\"><\/i>Versalles esquina con Atenas\n<\/P>\n<p style=\"text-decoration: underline;\"><i class=\"fa-solid fa-arrow-up-right-from-square\" style=\"color: #ff00e7;\"><\/I>\n<a href=\"http:\/\/www.machina.cc\/\">\nhttp:\/\/www.machina.cc\/\n<\/a><\/p>\n&nbsp;\t\t\t\t\t\t\t\t<\/div>\n\t\t\t\t<\/div>\n\t\t<div class=\"elementor-element elementor-element-5e59089f e-con-full e-flex e-con e-child\" data-id=\"5e59089f\" data-element_type=\"container\" data-e-type=\"container\">\n\t\t\t\t<div class=\"elementor-element elementor-element-66ef149a elementor-widget elementor-widget-image\" data-id=\"66ef149a\" data-element_type=\"widget\" data-e-type=\"widget\" data-widget_type=\"image.default\">\n\t\t\t\t\t\t\t\t\t\t\t\t\t\t\t<img decoding=\"async\" width=\"765\" height=\"1020\" src=\"https:\/\/corredorjuarez.com\/wp-content\/uploads\/2025\/12\/machina.jpg\" class=\"attachment-large size-large wp-image-2278\" alt=\"\" srcset=\"https:\/\/corredorjuarez.com\/wp-content\/uploads\/2025\/12\/machina.jpg 765w, https:\/\/corredorjuarez.com\/wp-content\/uploads\/2025\/12\/machina-225x300.jpg 225w\" sizes=\"(max-width: 765px) 100vw, 765px\" \/>\t\t\t\t\t\t\t\t\t\t\t\t\t\t\t<\/div>\n\t\t\t\t<\/div>\n\t\t\t\t<\/div>\n\t\t\t\t<\/div>\n\t\t","protected":false},"excerpt":{"rendered":"<p>MACHINA Marca de moda local MACHINA Local Fashion Brand MACHINA se ha convertido en un destino imprescindible para quienes buscan dise\u00f1o visionario, calidad excepcional y una experiencia que va m\u00e1s all\u00e1 de la moda. Cada visita a nuestra flagship en la Ju\u00e1rez confirma lo que las rese\u00f1as destacan: atenci\u00f3n cercana, productos impecables y un espacio [&hellip;]<\/p>\n","protected":false},"author":1,"featured_media":0,"parent":0,"menu_order":0,"comment_status":"closed","ping_status":"closed","template":"","meta":{"footnotes":""},"class_list":["post-2276","page","type-page","status-publish","hentry"],"blocksy_meta":[],"_links":{"self":[{"href":"https:\/\/corredorjuarez.com\/index.php\/wp-json\/wp\/v2\/pages\/2276","targetHints":{"allow":["GET"]}}],"collection":[{"href":"https:\/\/corredorjuarez.com\/index.php\/wp-json\/wp\/v2\/pages"}],"about":[{"href":"https:\/\/corredorjuarez.com\/index.php\/wp-json\/wp\/v2\/types\/page"}],"author":[{"embeddable":true,"href":"https:\/\/corredorjuarez.com\/index.php\/wp-json\/wp\/v2\/users\/1"}],"replies":[{"embeddable":true,"href":"https:\/\/corredorjuarez.com\/index.php\/wp-json\/wp\/v2\/comments?post=2276"}],"version-history":[{"count":16,"href":"https:\/\/corredorjuarez.com\/index.php\/wp-json\/wp\/v2\/pages\/2276\/revisions"}],"predecessor-version":[{"id":3314,"href":"https:\/\/corredorjuarez.com\/index.php\/wp-json\/wp\/v2\/pages\/2276\/revisions\/3314"}],"wp:attachment":[{"href":"https:\/\/corredorjuarez.com\/index.php\/wp-json\/wp\/v2\/media?parent=2276"}],"curies":[{"name":"wp","href":"https:\/\/api.w.org\/{rel}","templated":true}]}}