{"id":2255,"date":"2025-12-15T04:02:37","date_gmt":"2025-12-15T03:02:37","guid":{"rendered":"http:\/\/corredorjuarez.com\/?page_id=2255"},"modified":"2025-12-26T01:15:06","modified_gmt":"2025-12-26T00:15:06","slug":"dafrehica","status":"publish","type":"page","link":"https:\/\/corredorjuarez.com\/index.php\/dafrehica\/","title":{"rendered":"Dafrehica"},"content":{"rendered":"\t\t<div data-elementor-type=\"wp-page\" data-elementor-id=\"2255\" class=\"elementor elementor-2255\">\n\t\t\t\t<div class=\"elementor-element elementor-element-64315231 e-con-full e-flex e-con e-parent\" data-id=\"64315231\" data-element_type=\"container\" data-e-type=\"container\" data-settings=\"{&quot;background_background&quot;:&quot;classic&quot;}\">\n\t\t<div class=\"elementor-element elementor-element-2cc40a12 e-con-full e-flex e-con e-child\" data-id=\"2cc40a12\" data-element_type=\"container\" data-e-type=\"container\">\n\t\t\t\t<div class=\"elementor-element elementor-element-507ceb9b elementor-widget elementor-widget-heading\" data-id=\"507ceb9b\" data-element_type=\"widget\" data-e-type=\"widget\" data-widget_type=\"heading.default\">\n\t\t\t\t\t<h1 class=\"elementor-heading-title elementor-size-default\"><h1 class=\"lang-es notranslate\" style=\"font-family: 'Pump Demi Bold', sans-serif;font-size:50px;margin-bottom: -7px\">DAFREHICA<\/h1>\n\n<h4 class=\"lang-es notranslate\">Prendas mexicanas, aut\u00e9nticas y atemporales<\/h4>\n\n<h1 class=\"lang-en notranslate\" style=\"font-family: 'Pump Demi Bold', sans-serif;font-size:50px;margin-bottom: -7px\">DAFREHICA<\/h1>\n\n<h4 class=\"lang-en notranslate\">Authentic and timeless Mexican clothing<\/h4><\/h1>\t\t\t\t<\/div>\n\t\t<div class=\"elementor-element elementor-element-5ac791f e-con-full e-flex e-con e-child\" data-id=\"5ac791f\" data-element_type=\"container\" data-e-type=\"container\">\n\t\t\t\t<div class=\"elementor-element elementor-element-4535cc62 elementor-widget elementor-widget-image\" data-id=\"4535cc62\" data-element_type=\"widget\" data-e-type=\"widget\" data-widget_type=\"image.default\">\n\t\t\t\t\t\t\t\t\t\t\t\t\t\t\t<img fetchpriority=\"high\" decoding=\"async\" width=\"800\" height=\"312\" src=\"https:\/\/corredorjuarez.com\/wp-content\/uploads\/2025\/12\/Screenshot_2025-12-14_at_7.07.48_p.m.-removebg-preview.png\" class=\"attachment-large size-large wp-image-2265\" alt=\"\" srcset=\"https:\/\/corredorjuarez.com\/wp-content\/uploads\/2025\/12\/Screenshot_2025-12-14_at_7.07.48_p.m.-removebg-preview.png 800w, https:\/\/corredorjuarez.com\/wp-content\/uploads\/2025\/12\/Screenshot_2025-12-14_at_7.07.48_p.m.-removebg-preview-300x117.png 300w, https:\/\/corredorjuarez.com\/wp-content\/uploads\/2025\/12\/Screenshot_2025-12-14_at_7.07.48_p.m.-removebg-preview-768x300.png 768w\" sizes=\"(max-width: 800px) 100vw, 800px\" \/>\t\t\t\t\t\t\t\t\t\t\t\t\t\t\t<\/div>\n\t\t\t\t<\/div>\n\t\t\t\t<div class=\"elementor-element elementor-element-2fbde3d8 elementor-widget elementor-widget-text-editor\" data-id=\"2fbde3d8\" data-element_type=\"widget\" data-e-type=\"widget\" data-widget_type=\"text-editor.default\">\n\t\t\t\t\t\t\t\t\t<p style=\"text-align: justify;\">Somos una propuesta libre, simple.La mayor intenci\u00f3n es ser complemento de nuestras consumidoras; la magia sucede al interpretar las prendas.<br \/>En las texturas de nuestra indumentaria prevalecen los materiales con fibras naturales.<br \/>La confecci\u00f3n es la culminaci\u00f3n del designio, cuidando cada detalle de la pieza que est\u00e1n pr\u00f3ximas a hacer suya.<\/p><p style=\"text-decoration: underline;\"><a href=\"https:\/\/www.google.com\/maps\/place\/Dafrehica\/@19.4264472,-99.1595086,17z\/data=!3m1!4b1!4m6!3m5!1s0x85d1ffa2097f2495:0x81ea418783816299!8m2!3d19.4264422!4d-99.1569337!16s%2Fg%2F11p_2n9729?entry=ttu&amp;g_ep=EgoyMDI1MTEyMy4xIKXMDSoASAFQAw%3D%3D\"><i class=\"fa-solid fa-map-pin\" style=\"color: #ff00e7;\"><\/i>Marsella 14, Ju\u00e1rez<\/a><\/p><p style=\"text-decoration: underline;\"><a href=\"https:\/\/www.instagram.com\/dafrehica\/\"><i class=\"fa-brands fa-instagram\" style=\"color: #ff00e7;\"><\/i>@dafrehica<\/a><\/p><p><i class=\"fa-regular fa-calendar\" style=\"color: #ff00e7;\"><\/i>Lunes a s\u00e1bado<br \/>10:30hrs &#8211; 19:30hrs<\/p><p><i class=\"fa-regular fa-calendar\" style=\"color: #ff00e7;\"><\/i>Domingos<br \/>10:30hrs &#8211; 19:00hrs<\/p><p><i class=\"fa-regular fa-note-sticky\" style=\"color: #ff00e7;\"><\/i>Pet friendly<\/p><p><i class=\"fa-solid fa-arrow-up-right-from-square\" style=\"color: #ff00e7;\"><\/i>www.dafrehica.com.mx<\/p>\t\t\t\t\t\t\t\t<\/div>\n\t\t\t\t<\/div>\n\t\t<div class=\"elementor-element elementor-element-4a128dfb e-con-full e-flex e-con e-child\" data-id=\"4a128dfb\" data-element_type=\"container\" data-e-type=\"container\">\n\t\t\t\t<div class=\"elementor-element elementor-element-45502ac1 elementor-widget elementor-widget-image\" data-id=\"45502ac1\" data-element_type=\"widget\" data-e-type=\"widget\" data-widget_type=\"image.default\">\n\t\t\t\t\t\t\t\t\t\t\t\t\t\t\t<img decoding=\"async\" width=\"960\" height=\"960\" src=\"https:\/\/corredorjuarez.com\/wp-content\/uploads\/2025\/12\/Dafrehica_foto1.jpg\" class=\"attachment-large size-large wp-image-2264\" alt=\"\" srcset=\"https:\/\/corredorjuarez.com\/wp-content\/uploads\/2025\/12\/Dafrehica_foto1.jpg 960w, https:\/\/corredorjuarez.com\/wp-content\/uploads\/2025\/12\/Dafrehica_foto1-300x300.jpg 300w, https:\/\/corredorjuarez.com\/wp-content\/uploads\/2025\/12\/Dafrehica_foto1-150x150.jpg 150w, https:\/\/corredorjuarez.com\/wp-content\/uploads\/2025\/12\/Dafrehica_foto1-768x768.jpg 768w\" sizes=\"(max-width: 960px) 100vw, 960px\" \/>\t\t\t\t\t\t\t\t\t\t\t\t\t\t\t<\/div>\n\t\t\t\t<\/div>\n\t\t\t\t<\/div>\n\t\t\t\t<\/div>\n\t\t","protected":false},"excerpt":{"rendered":"<p>DAFREHICA Prendas mexicanas, aut\u00e9nticas y atemporales DAFREHICA Authentic and timeless Mexican clothing Somos una propuesta libre, simple.La mayor intenci\u00f3n es ser complemento de nuestras consumidoras; la magia sucede al interpretar las prendas.En las texturas de nuestra indumentaria prevalecen los materiales con fibras naturales.La confecci\u00f3n es la culminaci\u00f3n del designio, cuidando cada detalle de la pieza [&hellip;]<\/p>\n","protected":false},"author":1,"featured_media":0,"parent":0,"menu_order":0,"comment_status":"closed","ping_status":"closed","template":"","meta":{"footnotes":""},"class_list":["post-2255","page","type-page","status-publish","hentry"],"blocksy_meta":[],"_links":{"self":[{"href":"https:\/\/corredorjuarez.com\/index.php\/wp-json\/wp\/v2\/pages\/2255","targetHints":{"allow":["GET"]}}],"collection":[{"href":"https:\/\/corredorjuarez.com\/index.php\/wp-json\/wp\/v2\/pages"}],"about":[{"href":"https:\/\/corredorjuarez.com\/index.php\/wp-json\/wp\/v2\/types\/page"}],"author":[{"embeddable":true,"href":"https:\/\/corredorjuarez.com\/index.php\/wp-json\/wp\/v2\/users\/1"}],"replies":[{"embeddable":true,"href":"https:\/\/corredorjuarez.com\/index.php\/wp-json\/wp\/v2\/comments?post=2255"}],"version-history":[{"count":19,"href":"https:\/\/corredorjuarez.com\/index.php\/wp-json\/wp\/v2\/pages\/2255\/revisions"}],"predecessor-version":[{"id":3311,"href":"https:\/\/corredorjuarez.com\/index.php\/wp-json\/wp\/v2\/pages\/2255\/revisions\/3311"}],"wp:attachment":[{"href":"https:\/\/corredorjuarez.com\/index.php\/wp-json\/wp\/v2\/media?parent=2255"}],"curies":[{"name":"wp","href":"https:\/\/api.w.org\/{rel}","templated":true}]}}