{"id":2250,"date":"2025-12-15T03:58:03","date_gmt":"2025-12-15T02:58:03","guid":{"rendered":"http:\/\/corredorjuarez.com\/?page_id=2250"},"modified":"2025-12-26T01:13:49","modified_gmt":"2025-12-26T00:13:49","slug":"casadinamarca","status":"publish","type":"page","link":"https:\/\/corredorjuarez.com\/index.php\/casadinamarca\/","title":{"rendered":"CasaDinamarca"},"content":{"rendered":"\t\t<div data-elementor-type=\"wp-page\" data-elementor-id=\"2250\" class=\"elementor elementor-2250\">\n\t\t\t\t<div class=\"elementor-element elementor-element-5d52d81a e-con-full e-flex e-con e-parent\" data-id=\"5d52d81a\" data-element_type=\"container\" data-e-type=\"container\" data-settings=\"{&quot;background_background&quot;:&quot;classic&quot;}\">\n\t\t<div class=\"elementor-element elementor-element-7d4955bd e-con-full e-flex e-con e-child\" data-id=\"7d4955bd\" data-element_type=\"container\" data-e-type=\"container\">\n\t\t\t\t<div class=\"elementor-element elementor-element-574c283b elementor-widget elementor-widget-heading\" data-id=\"574c283b\" data-element_type=\"widget\" data-e-type=\"widget\" data-widget_type=\"heading.default\">\n\t\t\t\t\t<h1 class=\"elementor-heading-title elementor-size-default\"><h1 class=\"lang-es notranslate\" style=\"font-family: 'Pump Demi Bold', sans-serif;font-size:50px;margin-bottom: -7px\">Casa Dinamarca<\/h1>\n\n<h4 class=\"lang-es notranslate\">Concept store de dise\u00f1o mexicano<\/h4>\n\n<h1 class=\"lang-en notranslate\" style=\"font-family: 'Pump Demi Bold', sans-serif;font-size:50px;margin-bottom: -7px\">Casa Dinamarca<\/h1>\n\n<h4 class=\"lang-en notranslate\">Mexican Design Concept Store<\/h4><\/h1>\t\t\t\t<\/div>\n\t\t<div class=\"elementor-element elementor-element-1eda75da e-con-full e-flex e-con e-child\" data-id=\"1eda75da\" data-element_type=\"container\" data-e-type=\"container\">\n\t\t\t\t<div class=\"elementor-element elementor-element-19b988de elementor-widget elementor-widget-image\" data-id=\"19b988de\" data-element_type=\"widget\" data-e-type=\"widget\" data-widget_type=\"image.default\">\n\t\t\t\t\t\t\t\t\t\t\t\t\t\t\t<img fetchpriority=\"high\" decoding=\"async\" width=\"1024\" height=\"175\" src=\"https:\/\/corredorjuarez.com\/wp-content\/uploads\/2025\/12\/CASADINAMARCA_VERSION-COMPLETO_HORIZONTAL_NEGRO-1024x175.png\" class=\"attachment-large size-large wp-image-2221\" alt=\"\" srcset=\"https:\/\/corredorjuarez.com\/wp-content\/uploads\/2025\/12\/CASADINAMARCA_VERSION-COMPLETO_HORIZONTAL_NEGRO-1024x175.png 1024w, https:\/\/corredorjuarez.com\/wp-content\/uploads\/2025\/12\/CASADINAMARCA_VERSION-COMPLETO_HORIZONTAL_NEGRO-300x51.png 300w, https:\/\/corredorjuarez.com\/wp-content\/uploads\/2025\/12\/CASADINAMARCA_VERSION-COMPLETO_HORIZONTAL_NEGRO-768x132.png 768w, https:\/\/corredorjuarez.com\/wp-content\/uploads\/2025\/12\/CASADINAMARCA_VERSION-COMPLETO_HORIZONTAL_NEGRO-1536x263.png 1536w, https:\/\/corredorjuarez.com\/wp-content\/uploads\/2025\/12\/CASADINAMARCA_VERSION-COMPLETO_HORIZONTAL_NEGRO-2048x351.png 2048w\" sizes=\"(max-width: 1024px) 100vw, 1024px\" \/>\t\t\t\t\t\t\t\t\t\t\t\t\t\t\t<\/div>\n\t\t\t\t<\/div>\n\t\t\t\t<div class=\"elementor-element elementor-element-5489f69c elementor-widget elementor-widget-text-editor\" data-id=\"5489f69c\" data-element_type=\"widget\" data-e-type=\"widget\" data-widget_type=\"text-editor.default\">\n\t\t\t\t\t\t\t\t\t<p style=\"text-align: justify;\">Casa Dinamarca es una concept store en la colonia Ju\u00e1rez que re\u00fane a m\u00e1s de 32 marcas de dise\u00f1o mexicano en un espacio curado y vibrante. Naci\u00f3 con la idea de dar visibilidad al talento independiente y ofrecer una experiencia de compra distinta, cercana y aut\u00e9ntica. Aqu\u00ed encuentras moda, arte, accesorios y belleza en un lugar pensado para descubrir y enamorarte del dise\u00f1o nacional.<\/p><p style=\"text-decoration: underline;\"><a href=\"https:\/\/www.google.com.mx\/maps\/place\/Casa+Dinamarca+by+Olivia\/@19.4265076,-99.1605401,17z\/data=!3m1!4b1!4m6!3m5!1s0x85d1ff292334b58b:0x7c72efbc2836e5c8!8m2!3d19.4265076!4d-99.1579598!16s%2Fg%2F11kpnjs65b?entry=ttu&amp;g_ep=EgoyMDI1MTExMi4wIKXMDSoASAFQAw%3D%3D\"><i class=\"fa-solid fa-map-pin\" style=\"color: #ff00e7;\"><\/i>Dinamarca 64. Col Ju\u00e1rez<\/a><\/p><p style=\"text-decoration: underline;\"><a href=\"https:\/\/www.instagram.com\/casadinamarca\/\"><i class=\"fa-brands fa-instagram\" style=\"color: #ff00e7;\"><\/i>@casadinamarca<\/a><\/p><p><i class=\"fa-regular fa-calendar\" style=\"color: #ff00e7;\"><\/i>Lunes a domingo 11:00 am a 7:00 pm<\/p><p><a href=\"tel:55 2173 9691\"><i class=\"fa-solid fa-phone\" style=\"color: #ff00e7;\"><\/i>55 2173 9691<\/a><\/p><p>\u00a0<\/p>\t\t\t\t\t\t\t\t<\/div>\n\t\t\t\t<\/div>\n\t\t<div class=\"elementor-element elementor-element-41fe1fb4 e-con-full e-flex e-con e-child\" data-id=\"41fe1fb4\" data-element_type=\"container\" data-e-type=\"container\">\n\t\t\t\t<div class=\"elementor-element elementor-element-35fd18bf elementor-widget elementor-widget-image\" data-id=\"35fd18bf\" data-element_type=\"widget\" data-e-type=\"widget\" data-widget_type=\"image.default\">\n\t\t\t\t\t\t\t\t\t\t\t\t\t\t\t<img decoding=\"async\" width=\"819\" height=\"1024\" src=\"https:\/\/corredorjuarez.com\/wp-content\/uploads\/2025\/12\/Casa-Dinamarca_foto1-819x1024.jpg\" class=\"attachment-large size-large wp-image-2220\" alt=\"\" srcset=\"https:\/\/corredorjuarez.com\/wp-content\/uploads\/2025\/12\/Casa-Dinamarca_foto1-819x1024.jpg 819w, https:\/\/corredorjuarez.com\/wp-content\/uploads\/2025\/12\/Casa-Dinamarca_foto1-240x300.jpg 240w, https:\/\/corredorjuarez.com\/wp-content\/uploads\/2025\/12\/Casa-Dinamarca_foto1-768x960.jpg 768w, https:\/\/corredorjuarez.com\/wp-content\/uploads\/2025\/12\/Casa-Dinamarca_foto1.jpg 1080w\" sizes=\"(max-width: 819px) 100vw, 819px\" \/>\t\t\t\t\t\t\t\t\t\t\t\t\t\t\t<\/div>\n\t\t\t\t<\/div>\n\t\t\t\t<\/div>\n\t\t\t\t<\/div>\n\t\t","protected":false},"excerpt":{"rendered":"<p>Casa Dinamarca Concept store de dise\u00f1o mexicano Casa Dinamarca Mexican Design Concept Store Casa Dinamarca es una concept store en la colonia Ju\u00e1rez que re\u00fane a m\u00e1s de 32 marcas de dise\u00f1o mexicano en un espacio curado y vibrante. Naci\u00f3 con la idea de dar visibilidad al talento independiente y ofrecer una experiencia de compra [&hellip;]<\/p>\n","protected":false},"author":1,"featured_media":0,"parent":0,"menu_order":0,"comment_status":"closed","ping_status":"closed","template":"","meta":{"footnotes":""},"class_list":["post-2250","page","type-page","status-publish","hentry"],"blocksy_meta":[],"_links":{"self":[{"href":"https:\/\/corredorjuarez.com\/index.php\/wp-json\/wp\/v2\/pages\/2250","targetHints":{"allow":["GET"]}}],"collection":[{"href":"https:\/\/corredorjuarez.com\/index.php\/wp-json\/wp\/v2\/pages"}],"about":[{"href":"https:\/\/corredorjuarez.com\/index.php\/wp-json\/wp\/v2\/types\/page"}],"author":[{"embeddable":true,"href":"https:\/\/corredorjuarez.com\/index.php\/wp-json\/wp\/v2\/users\/1"}],"replies":[{"embeddable":true,"href":"https:\/\/corredorjuarez.com\/index.php\/wp-json\/wp\/v2\/comments?post=2250"}],"version-history":[{"count":10,"href":"https:\/\/corredorjuarez.com\/index.php\/wp-json\/wp\/v2\/pages\/2250\/revisions"}],"predecessor-version":[{"id":3308,"href":"https:\/\/corredorjuarez.com\/index.php\/wp-json\/wp\/v2\/pages\/2250\/revisions\/3308"}],"wp:attachment":[{"href":"https:\/\/corredorjuarez.com\/index.php\/wp-json\/wp\/v2\/media?parent=2250"}],"curies":[{"name":"wp","href":"https:\/\/api.w.org\/{rel}","templated":true}]}}