{"id":2218,"date":"2025-12-15T03:43:27","date_gmt":"2025-12-15T02:43:27","guid":{"rendered":"http:\/\/corredorjuarez.com\/?page_id=2218"},"modified":"2026-01-23T14:24:09","modified_gmt":"2026-01-23T20:24:09","slug":"blumma","status":"publish","type":"page","link":"https:\/\/corredorjuarez.com\/index.php\/blumma\/","title":{"rendered":"BLUMMA"},"content":{"rendered":"\t\t<div data-elementor-type=\"wp-page\" data-elementor-id=\"2218\" class=\"elementor elementor-2218\">\n\t\t\t\t<div class=\"elementor-element elementor-element-4cd883f3 e-con-full e-flex e-con e-parent\" data-id=\"4cd883f3\" data-element_type=\"container\" data-e-type=\"container\" data-settings=\"{&quot;background_background&quot;:&quot;classic&quot;}\">\n\t\t<div class=\"elementor-element elementor-element-455801ca e-con-full e-flex e-con e-child\" data-id=\"455801ca\" data-element_type=\"container\" data-e-type=\"container\">\n\t\t\t\t<div class=\"elementor-element elementor-element-3acde791 elementor-widget elementor-widget-heading\" data-id=\"3acde791\" data-element_type=\"widget\" data-e-type=\"widget\" data-widget_type=\"heading.default\">\n\t\t\t\t\t<h1 class=\"elementor-heading-title elementor-size-default\"><h1 class=\"lang-es notranslate\" style=\"font-family: 'Pump Demi Bold', sans-serif;font-size:50px;margin-bottom: -7px\">BLUMMA<\/h1>\n\n<h4 class=\"lang-es notranslate\">Clean beauty skincare boutique<\/h4>\n\n<h1 class=\"lang-en notranslate\" style=\"font-family: 'Pump Demi Bold', sans-serif;font-size:50px;margin-bottom: -7px\">BLUMMA<\/h1>\n\n<h4 class=\"lang-en notranslate\">Clean beauty skincare boutique<\/h4><\/h1>\t\t\t\t<\/div>\n\t\t<div class=\"elementor-element elementor-element-66a12d8 e-con-full e-flex e-con e-child\" data-id=\"66a12d8\" data-element_type=\"container\" data-e-type=\"container\">\n\t\t\t\t<div class=\"elementor-element elementor-element-2922ce5c elementor-widget elementor-widget-image\" data-id=\"2922ce5c\" data-element_type=\"widget\" data-e-type=\"widget\" data-widget_type=\"image.default\">\n\t\t\t\t\t\t\t\t\t\t\t\t\t\t\t<img fetchpriority=\"high\" decoding=\"async\" width=\"1024\" height=\"256\" src=\"https:\/\/corredorjuarez.com\/wp-content\/uploads\/2025\/12\/BLUMMA-NEGRO-02-1024x256.png\" class=\"attachment-large size-large wp-image-2718\" alt=\"\" srcset=\"https:\/\/corredorjuarez.com\/wp-content\/uploads\/2025\/12\/BLUMMA-NEGRO-02-1024x256.png 1024w, https:\/\/corredorjuarez.com\/wp-content\/uploads\/2025\/12\/BLUMMA-NEGRO-02-300x75.png 300w, https:\/\/corredorjuarez.com\/wp-content\/uploads\/2025\/12\/BLUMMA-NEGRO-02-768x192.png 768w, https:\/\/corredorjuarez.com\/wp-content\/uploads\/2025\/12\/BLUMMA-NEGRO-02-1536x384.png 1536w, https:\/\/corredorjuarez.com\/wp-content\/uploads\/2025\/12\/BLUMMA-NEGRO-02.png 1667w\" sizes=\"(max-width: 1024px) 100vw, 1024px\" \/>\t\t\t\t\t\t\t\t\t\t\t\t\t\t\t<\/div>\n\t\t\t\t<\/div>\n\t\t\t\t<div class=\"elementor-element elementor-element-58d1ae93 elementor-widget elementor-widget-text-editor\" data-id=\"58d1ae93\" data-element_type=\"widget\" data-e-type=\"widget\" data-widget_type=\"text-editor.default\">\n\t\t\t\t\t\t\t\t\t<p style=\"text-align: justify; color: black;\">Cosm\u00e9tica consciente para todos.\nNuestras l\u00edneas abarcan maquillaje, cuidado facial, corporal y capilar, todos formulados con ingredientes veganos y sostenibles.\nContamos con marcas de dise\u00f1adoras mexicanas de f\u00f3rmulas sanas. Sin ingredientes da\u00f1inos y m\u00e1s beneficios visibles. Descubre una nueva forma de cuidar tu piel con texturas agradables y f\u00f3rmulas dise\u00f1adas para potenciar su belleza natural.\nElige productos que reflejen tu compromiso con la belleza \u00e9tica y la salud del planeta. No se trata solo de maquillaje o skincare, sino de una experiencia donde la pureza y la eficacia van de la mano.\nCuando la ciencia y la naturaleza se unen, los resultados hablan por s\u00ed solos.<\/p>\n<p class=\"lang-es notranslate\" style=\"text-decoration: underline;\"><a href=\"https:\/\/www.google.com\/maps\/place\/Ere+Perez+-+BLUMMA+clean+beauty+boutique\/@19.4277517,-99.1595505,17z\/data=!3m1!4b1!4m6!3m5!1s0x85ce010b91fe0a63:0x429228bcf5095ad2!8m2!3d19.4277517!4d-99.1595505!16s%2Fg%2F1hhjj846t?entry=ttu&amp;g_ep=EgoyMDI1MTExNy4wIKXMDSoASAFQAw%3D%3D\"><i class=\"fa-solid fa-map-pin\" style=\"color: #ff00e7;\"><\/i>Londres #39 local 1B, col Ju\u00e1rez<\/a><\/p>\n<p class=\"lang-en notranslate\" style=\"text-decoration: underline;\"><a href=\"https:\/\/www.google.com\/maps\/place\/Ere+Perez+-+BLUMMA+clean+beauty+boutique\/@19.4277517,-99.1595505,17z\/data=!3m1!4b1!4m6!3m5!1s0x85ce010b91fe0a63:0x429228bcf5095ad2!8m2!3d19.4277517!4d-99.1595505!16s%2Fg%2F1hhjj846t?entry=ttu&amp;g_ep=EgoyMDI1MTExNy4wIKXMDSoASAFQAw%3D%3D\"><i class=\"fa-solid fa-map-pin\" style=\"color: #ff00e7;\"><\/i>Londres #39 local 1B, col Ju\u00e1rez<\/a><\/p>\n<p style=\"text-decoration: underline;\"><a href=\"https:\/\/www.instagram.com\/blumma.mx\/\"><i class=\"fa-brands fa-instagram\" style=\"color: #ff00e7;\"><\/i>@blumma.mx<\/a><\/p>\n<p style=\"color: black;\"><i class=\"fa-regular fa-calendar\" style=\"color: #ff00e7;\"><\/i>Lunes a viernes\n11:00hrs &#8211; 18:00hrs<\/p>\n<p style=\"color: black;\"><i class=\"fa-regular fa-calendar\" style=\"color: #ff00e7;\"><\/i>Sabados y Domingos\n11:00hrs &#8211; 19:00hrs<\/p>\n<p>\n<a href=\"tel:5591293061\"><i class=\"fa-solid fa-phone\" style=\"color: #ff00e7;\"><\/i>5591293061<\/a><\/P>\n<p>\n\n<a href=\"https:\/\/wa.me\/5547818179\" target=\"_blank\" rel=\"noopener\"><i class=\"fa-brands fa-whatsapp\" style=\"color: #ff00e7;\"><\/i>55 47818179<\/a><\/p>\n<p style=\"color: black;\"><i class=\"fa-regular fa-note-sticky\" style=\"color: #ff00e7;\"><\/i>Pet friendly en terraza<\/p>\n&nbsp;\t\t\t\t\t\t\t\t<\/div>\n\t\t\t\t<\/div>\n\t\t<div class=\"elementor-element elementor-element-17455645 e-con-full e-flex e-con e-child\" data-id=\"17455645\" data-element_type=\"container\" data-e-type=\"container\">\n\t\t\t\t<div class=\"elementor-element elementor-element-c5d5bc7 elementor-widget elementor-widget-image\" data-id=\"c5d5bc7\" data-element_type=\"widget\" data-e-type=\"widget\" data-widget_type=\"image.default\">\n\t\t\t\t\t\t\t\t\t\t\t\t\t\t\t<img decoding=\"async\" width=\"819\" height=\"1024\" src=\"https:\/\/corredorjuarez.com\/wp-content\/uploads\/2025\/12\/Blumma_foto1-1-819x1024.jpg\" class=\"attachment-large size-large wp-image-2289\" alt=\"\" srcset=\"https:\/\/corredorjuarez.com\/wp-content\/uploads\/2025\/12\/Blumma_foto1-1-819x1024.jpg 819w, https:\/\/corredorjuarez.com\/wp-content\/uploads\/2025\/12\/Blumma_foto1-1-240x300.jpg 240w, https:\/\/corredorjuarez.com\/wp-content\/uploads\/2025\/12\/Blumma_foto1-1-768x960.jpg 768w, https:\/\/corredorjuarez.com\/wp-content\/uploads\/2025\/12\/Blumma_foto1-1.jpg 1080w\" sizes=\"(max-width: 819px) 100vw, 819px\" \/>\t\t\t\t\t\t\t\t\t\t\t\t\t\t\t<\/div>\n\t\t\t\t<\/div>\n\t\t\t\t<\/div>\n\t\t\t\t<\/div>\n\t\t","protected":false},"excerpt":{"rendered":"<p>BLUMMA Clean beauty skincare boutique BLUMMA Clean beauty skincare boutique Cosm\u00e9tica consciente para todos. Nuestras l\u00edneas abarcan maquillaje, cuidado facial, corporal y capilar, todos formulados con ingredientes veganos y sostenibles. Contamos con marcas de dise\u00f1adoras mexicanas de f\u00f3rmulas sanas. Sin ingredientes da\u00f1inos y m\u00e1s beneficios visibles. Descubre una nueva forma de cuidar tu piel con [&hellip;]<\/p>\n","protected":false},"author":1,"featured_media":0,"parent":0,"menu_order":0,"comment_status":"closed","ping_status":"closed","template":"","meta":{"footnotes":""},"class_list":["post-2218","page","type-page","status-publish","hentry"],"blocksy_meta":[],"_links":{"self":[{"href":"https:\/\/corredorjuarez.com\/index.php\/wp-json\/wp\/v2\/pages\/2218","targetHints":{"allow":["GET"]}}],"collection":[{"href":"https:\/\/corredorjuarez.com\/index.php\/wp-json\/wp\/v2\/pages"}],"about":[{"href":"https:\/\/corredorjuarez.com\/index.php\/wp-json\/wp\/v2\/types\/page"}],"author":[{"embeddable":true,"href":"https:\/\/corredorjuarez.com\/index.php\/wp-json\/wp\/v2\/users\/1"}],"replies":[{"embeddable":true,"href":"https:\/\/corredorjuarez.com\/index.php\/wp-json\/wp\/v2\/comments?post=2218"}],"version-history":[{"count":73,"href":"https:\/\/corredorjuarez.com\/index.php\/wp-json\/wp\/v2\/pages\/2218\/revisions"}],"predecessor-version":[{"id":3484,"href":"https:\/\/corredorjuarez.com\/index.php\/wp-json\/wp\/v2\/pages\/2218\/revisions\/3484"}],"wp:attachment":[{"href":"https:\/\/corredorjuarez.com\/index.php\/wp-json\/wp\/v2\/media?parent=2218"}],"curies":[{"name":"wp","href":"https:\/\/api.w.org\/{rel}","templated":true}]}}