{"id":2110,"date":"2025-12-07T03:29:46","date_gmt":"2025-12-07T02:29:46","guid":{"rendered":"http:\/\/corredorjuarez.com\/?page_id=2110"},"modified":"2025-12-26T01:12:34","modified_gmt":"2025-12-26T00:12:34","slug":"terrazapandora","status":"publish","type":"page","link":"https:\/\/corredorjuarez.com\/index.php\/terrazapandora\/","title":{"rendered":"TerrazaPandora"},"content":{"rendered":"\t\t<div data-elementor-type=\"wp-page\" data-elementor-id=\"2110\" class=\"elementor elementor-2110\">\n\t\t\t\t<div class=\"elementor-element elementor-element-192e7e99 e-con-full e-flex e-con e-parent\" data-id=\"192e7e99\" data-element_type=\"container\" data-e-type=\"container\" data-settings=\"{&quot;background_background&quot;:&quot;classic&quot;}\">\n\t\t<div class=\"elementor-element elementor-element-134f6c82 e-con-full e-flex e-con e-child\" data-id=\"134f6c82\" data-element_type=\"container\" data-e-type=\"container\">\n\t\t\t\t<div class=\"elementor-element elementor-element-74d0498 elementor-widget elementor-widget-heading\" data-id=\"74d0498\" data-element_type=\"widget\" data-e-type=\"widget\" data-widget_type=\"heading.default\">\n\t\t\t\t\t<h1 class=\"elementor-heading-title elementor-size-default\"><h1 class=\"lang-es notranslate\" style=\"font-family: 'Pump Demi Bold', sans-serif;font-size:50px;margin-bottom: -7px\">Pandora Rooftop<\/h1>\n\n<h4 class=\"lang-es notranslate\">Comida Rica Hecha en M\u00e9xico<\/h4>\n\n<h1 class=\"lang-en notranslate\" style=\"font-family: 'Pump Demi Bold', sans-serif;font-size:50px;margin-bottom: -7px\">Pandora Rooftop<\/h1>\n\n<h4 class=\"lang-en notranslate\">Mexican Comfort Food<\/h4><\/h1>\t\t\t\t<\/div>\n\t\t<div class=\"elementor-element elementor-element-0b87740 e-con-full e-flex e-con e-child\" data-id=\"0b87740\" data-element_type=\"container\" data-e-type=\"container\">\n\t\t\t\t<div class=\"elementor-element elementor-element-67bf977 elementor-widget elementor-widget-image\" data-id=\"67bf977\" data-element_type=\"widget\" data-e-type=\"widget\" data-widget_type=\"image.default\">\n\t\t\t\t\t\t\t\t\t\t\t\t\t\t\t<img fetchpriority=\"high\" decoding=\"async\" width=\"742\" height=\"336\" src=\"https:\/\/corredorjuarez.com\/wp-content\/uploads\/2025\/12\/Screenshot_2025-12-15_at_1.58.05_a.m.-removebg-preview.webp\" class=\"attachment-large size-large wp-image-2457\" alt=\"\" srcset=\"https:\/\/corredorjuarez.com\/wp-content\/uploads\/2025\/12\/Screenshot_2025-12-15_at_1.58.05_a.m.-removebg-preview.webp 742w, https:\/\/corredorjuarez.com\/wp-content\/uploads\/2025\/12\/Screenshot_2025-12-15_at_1.58.05_a.m.-removebg-preview-300x136.webp 300w\" sizes=\"(max-width: 742px) 100vw, 742px\" \/>\t\t\t\t\t\t\t\t\t\t\t\t\t\t\t<\/div>\n\t\t\t\t<\/div>\n\t\t\t\t<div class=\"elementor-element elementor-element-44dc6daa elementor-widget elementor-widget-text-editor\" data-id=\"44dc6daa\" data-element_type=\"widget\" data-e-type=\"widget\" data-widget_type=\"text-editor.default\">\n\t\t\t\t\t\t\t\t\t<p style=\"text-align: justify;\">Pandora Rooftop es un oais urbano que celebra la riqueza de la cocina mexicana, reiterpretando los sabores con t\u00e9cnicas vanguardistas de nivel internacional, utilizando ingredientes de la mejor calidad de nuestra tierra. Su propuesta gastron\u00f3mica se complementa con una cocteler\u00eda de autor que deileta y reinventa la escencia de los cl\u00e1sicos para crear experiencias inolvidables. Cuenta con una arquitectura inspirada en el Art D\u00e9co con enfoque contempor\u00e1neo y una atm\u00f3sfera que evoca a un jard\u00edn, un espacio \u00fanico e ideal para compartir momentos m\u00e1gicos y que te invita a olvidarte del tiempo.<\/p>\n<p style =\"text-decoration:underline\">\n<a href=\"https:\/\/www.google.com\/maps\/place\/Pandora+Roof+Top\/@19.427415,-99.1630595,17z\/data=!3m1!4b1!4m6!3m5!1s0x85d1ff0074e5a9bd:0xa23289df5f6cdf6f!8m2!3d19.42741!4d-99.1604846!16s%2Fg%2F11y8lygfg2?entry=ttu&amp;g_ep=EgoyMDI1MTEyMy4xIKXMDSoASAFQAw%3D%3D\"><i class=\"fa-solid fa-map-pin\" style=\"color: #ff00e7;\"><\/i>N\u00e1poles #35, Ju\u00e1rez<\/a>\n<\/p>\n<p style =\"text-decoration:underline\">\n<a href=\"https:\/\/www.instagram.com\/pandoraroofmx\/\"><i class=\"fa-brands fa-instagram\" style=\"color: #ff00e7;\"><\/i>@pandoraroofmx<\/a>\n<\/p>\n<p>\n<i class=\"fa-regular fa-calendar\" style=\"color: #ff00e7;\"><\/i>Miercoles y Jueves 18:00 &#8211; 2:00 am\n<\/p>\n<p>\n<i class=\"fa-regular fa-calendar\" style=\"color: #ff00e7;\"><\/i>Viernes &amp; Sabado 14:00 &#8211; 2:00 am\n<\/p>\n<p>\n<a href=\"tel:55 3950 6108\"><i class=\"fa-solid fa-phone\" style=\"color: #ff00e7;\"><\/i>55 3950 6108<\/a>\n<\/p>\n<i class=\"fa-regular fa-note-sticky\" style=\"color: #ff00e7;\"><\/i>Pet friendly en terraza\n\n&nbsp;\t\t\t\t\t\t\t\t<\/div>\n\t\t\t\t<\/div>\n\t\t<div class=\"elementor-element elementor-element-3bf27059 e-con-full e-flex e-con e-child\" data-id=\"3bf27059\" data-element_type=\"container\" data-e-type=\"container\">\n\t\t\t\t<div class=\"elementor-element elementor-element-158136c elementor-widget elementor-widget-image\" data-id=\"158136c\" data-element_type=\"widget\" data-e-type=\"widget\" data-widget_type=\"image.default\">\n\t\t\t\t\t\t\t\t\t\t\t\t\t\t\t<img decoding=\"async\" width=\"822\" height=\"1024\" src=\"https:\/\/corredorjuarez.com\/wp-content\/uploads\/2025\/12\/Pandora_rooftop_foto2-822x1024.webp\" class=\"attachment-large size-large wp-image-2456\" alt=\"\" srcset=\"https:\/\/corredorjuarez.com\/wp-content\/uploads\/2025\/12\/Pandora_rooftop_foto2-822x1024.webp 822w, https:\/\/corredorjuarez.com\/wp-content\/uploads\/2025\/12\/Pandora_rooftop_foto2-241x300.webp 241w, https:\/\/corredorjuarez.com\/wp-content\/uploads\/2025\/12\/Pandora_rooftop_foto2-768x957.webp 768w, https:\/\/corredorjuarez.com\/wp-content\/uploads\/2025\/12\/Pandora_rooftop_foto2.webp 1080w\" sizes=\"(max-width: 822px) 100vw, 822px\" \/>\t\t\t\t\t\t\t\t\t\t\t\t\t\t\t<\/div>\n\t\t\t\t<\/div>\n\t\t\t\t<\/div>\n\t\t\t\t<\/div>\n\t\t","protected":false},"excerpt":{"rendered":"<p>Pandora Rooftop Comida Rica Hecha en M\u00e9xico Pandora Rooftop Mexican Comfort Food Pandora Rooftop es un oais urbano que celebra la riqueza de la cocina mexicana, reiterpretando los sabores con t\u00e9cnicas vanguardistas de nivel internacional, utilizando ingredientes de la mejor calidad de nuestra tierra. Su propuesta gastron\u00f3mica se complementa con una cocteler\u00eda de autor que [&hellip;]<\/p>\n","protected":false},"author":1,"featured_media":0,"parent":0,"menu_order":0,"comment_status":"closed","ping_status":"closed","template":"","meta":{"footnotes":""},"class_list":["post-2110","page","type-page","status-publish","hentry"],"blocksy_meta":[],"_links":{"self":[{"href":"https:\/\/corredorjuarez.com\/index.php\/wp-json\/wp\/v2\/pages\/2110","targetHints":{"allow":["GET"]}}],"collection":[{"href":"https:\/\/corredorjuarez.com\/index.php\/wp-json\/wp\/v2\/pages"}],"about":[{"href":"https:\/\/corredorjuarez.com\/index.php\/wp-json\/wp\/v2\/types\/page"}],"author":[{"embeddable":true,"href":"https:\/\/corredorjuarez.com\/index.php\/wp-json\/wp\/v2\/users\/1"}],"replies":[{"embeddable":true,"href":"https:\/\/corredorjuarez.com\/index.php\/wp-json\/wp\/v2\/comments?post=2110"}],"version-history":[{"count":20,"href":"https:\/\/corredorjuarez.com\/index.php\/wp-json\/wp\/v2\/pages\/2110\/revisions"}],"predecessor-version":[{"id":3305,"href":"https:\/\/corredorjuarez.com\/index.php\/wp-json\/wp\/v2\/pages\/2110\/revisions\/3305"}],"wp:attachment":[{"href":"https:\/\/corredorjuarez.com\/index.php\/wp-json\/wp\/v2\/media?parent=2110"}],"curies":[{"name":"wp","href":"https:\/\/api.w.org\/{rel}","templated":true}]}}