{"id":2079,"date":"2025-12-07T02:54:54","date_gmt":"2025-12-07T01:54:54","guid":{"rendered":"http:\/\/corredorjuarez.com\/?page_id=2079"},"modified":"2025-12-26T01:10:02","modified_gmt":"2025-12-26T00:10:02","slug":"pinguino","status":"publish","type":"page","link":"https:\/\/corredorjuarez.com\/index.php\/pinguino\/","title":{"rendered":"Pinguino"},"content":{"rendered":"\t\t<div data-elementor-type=\"wp-page\" data-elementor-id=\"2079\" class=\"elementor elementor-2079\">\n\t\t\t\t<div class=\"elementor-element elementor-element-3e1e8226 e-con-full e-flex e-con e-parent\" data-id=\"3e1e8226\" data-element_type=\"container\" data-e-type=\"container\" data-settings=\"{&quot;background_background&quot;:&quot;classic&quot;}\">\n\t\t<div class=\"elementor-element elementor-element-38c212fb e-con-full e-flex e-con e-child\" data-id=\"38c212fb\" data-element_type=\"container\" data-e-type=\"container\">\n\t\t\t\t<div class=\"elementor-element elementor-element-74f5590e elementor-widget elementor-widget-heading\" data-id=\"74f5590e\" data-element_type=\"widget\" data-e-type=\"widget\" data-widget_type=\"heading.default\">\n\t\t\t\t\t<h1 class=\"elementor-heading-title elementor-size-default\"><h1 class=\"lang-es notranslate\" style=\"font-family: 'Pump Demi Bold', sans-serif;font-size:50px;margin-bottom: -7px\">Ping\u00fcino<\/h1>\n\n<h4 class=\"lang-es notranslate\">Tienda de arte popular<\/h4>\n\n<h1 class=\"lang-en notranslate\" style=\"font-family: 'Pump Demi Bold', sans-serif;font-size:50px;margin-bottom: -7px\">Ping\u00fcino<\/h1>\n\n<h4 class=\"lang-en notranslate\">Folk Art Store<\/h4><\/h1>\t\t\t\t<\/div>\n\t\t<div class=\"elementor-element elementor-element-78c5f1e e-con-full e-flex e-con e-child\" data-id=\"78c5f1e\" data-element_type=\"container\" data-e-type=\"container\">\n\t\t\t\t<div class=\"elementor-element elementor-element-52499a7 elementor-widget elementor-widget-image\" data-id=\"52499a7\" data-element_type=\"widget\" data-e-type=\"widget\" data-widget_type=\"image.default\">\n\t\t\t\t\t\t\t\t\t\t\t\t\t\t\t<img fetchpriority=\"high\" decoding=\"async\" width=\"602\" height=\"156\" src=\"https:\/\/corredorjuarez.com\/wp-content\/uploads\/2025\/12\/Screenshot_2025-12-15_at_1.48.36_a.m.-removebg-preview.webp\" class=\"attachment-large size-large wp-image-2446\" alt=\"\" srcset=\"https:\/\/corredorjuarez.com\/wp-content\/uploads\/2025\/12\/Screenshot_2025-12-15_at_1.48.36_a.m.-removebg-preview.webp 602w, https:\/\/corredorjuarez.com\/wp-content\/uploads\/2025\/12\/Screenshot_2025-12-15_at_1.48.36_a.m.-removebg-preview-300x78.webp 300w\" sizes=\"(max-width: 602px) 100vw, 602px\" \/>\t\t\t\t\t\t\t\t\t\t\t\t\t\t\t<\/div>\n\t\t\t\t<\/div>\n\t\t\t\t<div class=\"elementor-element elementor-element-6e31d018 elementor-widget elementor-widget-text-editor\" data-id=\"6e31d018\" data-element_type=\"widget\" data-e-type=\"widget\" data-widget_type=\"text-editor.default\">\n\t\t\t\t\t\t\t\t\t<p style=\"text-align: justify;\">Ping\u00fcino es una tienda que celebra el lado juguet\u00f3n, imperfecto y tierno del arte popular mexicano. Abrazamos el humor, la iron\u00eda y la alegr\u00eda cotidiana como elementos esenciales de la creaci\u00f3n. Visita nuestras sucursales en Juarez, Condesa y Roma Norte.<\/p>\n<p style=\"text-decoration:underline\">\n<a href=\"https:\/\/www.google.com\/maps\/place\/Ping%C3%BCino+M%C3%A9xico+(Ju%C3%A1rez)\/@19.4293493,-99.1611308,17z\/data=!3m1!4b1!4m6!3m5!1s0x85d1ff75ffac7a33:0xab041e82ae7233a1!8m2!3d19.4293443!4d-99.1585559!16s%2Fg%2F11xp3kyh9n?entry=ttu&amp;g_ep=EgoyMDI1MTEyMy4xIKXMDSoASAFQAw%3D%3D\"><i class=\"fa-solid fa-map-pin\" style=\"color: #ff00e7;\"><\/i>Hamburgo 9, Ju\u00e1rez<\/a>\n<\/p>\n<p style=\"text-decoration:underline\">\n<a href=\"https:\/\/www.instagram.com\/pinguino.mexico\/\"><i class=\"fa-brands fa-instagram\" style=\"color: #ff00e7;\"><\/i>@pinguino.mexico<\/a>\n<\/p>\n<p>\n<i class=\"fa-regular fa-calendar\" style=\"color: #ff00e7;\"><\/i>Lunes a domingo\n11:00-19:00\n<\/p>\n<p style=\"text-decoration:underline\">\n<a href=\"http:\/\/www.pinguinomexico.com\/\"><i class=\"fa-solid fa-arrow-up-right-from-square\" style=\"color: #ff00e7;\"><\/i>www.pinguinomexico.com<\/a>\n<\/p>\n<i class=\"fa-regular fa-note-sticky\" style=\"color: #ff00e7;\"><\/i>Pet friendly en terraza\n\n&nbsp;\t\t\t\t\t\t\t\t<\/div>\n\t\t\t\t<\/div>\n\t\t<div class=\"elementor-element elementor-element-58ebe94d e-con-full e-flex e-con e-child\" data-id=\"58ebe94d\" data-element_type=\"container\" data-e-type=\"container\">\n\t\t\t\t<div class=\"elementor-element elementor-element-36c55448 elementor-widget elementor-widget-image\" data-id=\"36c55448\" data-element_type=\"widget\" data-e-type=\"widget\" data-widget_type=\"image.default\">\n\t\t\t\t\t\t\t\t\t\t\t\t\t\t\t<img decoding=\"async\" width=\"1024\" height=\"1024\" src=\"https:\/\/corredorjuarez.com\/wp-content\/uploads\/2025\/12\/Pinguino_foto1-1024x1024.webp\" class=\"attachment-large size-large wp-image-2445\" alt=\"\" srcset=\"https:\/\/corredorjuarez.com\/wp-content\/uploads\/2025\/12\/Pinguino_foto1-1024x1024.webp 1024w, https:\/\/corredorjuarez.com\/wp-content\/uploads\/2025\/12\/Pinguino_foto1-300x300.webp 300w, https:\/\/corredorjuarez.com\/wp-content\/uploads\/2025\/12\/Pinguino_foto1-150x150.webp 150w, https:\/\/corredorjuarez.com\/wp-content\/uploads\/2025\/12\/Pinguino_foto1-768x768.webp 768w, https:\/\/corredorjuarez.com\/wp-content\/uploads\/2025\/12\/Pinguino_foto1.webp 1080w\" sizes=\"(max-width: 1024px) 100vw, 1024px\" \/>\t\t\t\t\t\t\t\t\t\t\t\t\t\t\t<\/div>\n\t\t\t\t<\/div>\n\t\t\t\t<\/div>\n\t\t\t\t<\/div>\n\t\t","protected":false},"excerpt":{"rendered":"<p>Ping\u00fcino Tienda de arte popular Ping\u00fcino Folk Art Store Ping\u00fcino es una tienda que celebra el lado juguet\u00f3n, imperfecto y tierno del arte popular mexicano. Abrazamos el humor, la iron\u00eda y la alegr\u00eda cotidiana como elementos esenciales de la creaci\u00f3n. Visita nuestras sucursales en Juarez, Condesa y Roma Norte. Hamburgo 9, Ju\u00e1rez @pinguino.mexico Lunes a [&hellip;]<\/p>\n","protected":false},"author":1,"featured_media":0,"parent":0,"menu_order":0,"comment_status":"closed","ping_status":"closed","template":"","meta":{"footnotes":""},"class_list":["post-2079","page","type-page","status-publish","hentry"],"blocksy_meta":[],"_links":{"self":[{"href":"https:\/\/corredorjuarez.com\/index.php\/wp-json\/wp\/v2\/pages\/2079","targetHints":{"allow":["GET"]}}],"collection":[{"href":"https:\/\/corredorjuarez.com\/index.php\/wp-json\/wp\/v2\/pages"}],"about":[{"href":"https:\/\/corredorjuarez.com\/index.php\/wp-json\/wp\/v2\/types\/page"}],"author":[{"embeddable":true,"href":"https:\/\/corredorjuarez.com\/index.php\/wp-json\/wp\/v2\/users\/1"}],"replies":[{"embeddable":true,"href":"https:\/\/corredorjuarez.com\/index.php\/wp-json\/wp\/v2\/comments?post=2079"}],"version-history":[{"count":13,"href":"https:\/\/corredorjuarez.com\/index.php\/wp-json\/wp\/v2\/pages\/2079\/revisions"}],"predecessor-version":[{"id":3299,"href":"https:\/\/corredorjuarez.com\/index.php\/wp-json\/wp\/v2\/pages\/2079\/revisions\/3299"}],"wp:attachment":[{"href":"https:\/\/corredorjuarez.com\/index.php\/wp-json\/wp\/v2\/media?parent=2079"}],"curies":[{"name":"wp","href":"https:\/\/api.w.org\/{rel}","templated":true}]}}