{"id":2059,"date":"2025-12-07T01:42:08","date_gmt":"2025-12-07T00:42:08","guid":{"rendered":"http:\/\/corredorjuarez.com\/?page_id=2059"},"modified":"2025-12-26T21:37:04","modified_gmt":"2025-12-26T20:37:04","slug":"atawa","status":"publish","type":"page","link":"https:\/\/corredorjuarez.com\/index.php\/atawa\/","title":{"rendered":"Atlawa"},"content":{"rendered":"\t\t<div data-elementor-type=\"wp-page\" data-elementor-id=\"2059\" class=\"elementor elementor-2059\">\n\t\t\t\t<div class=\"elementor-element elementor-element-2b3e5f65 e-con-full e-flex e-con e-parent\" data-id=\"2b3e5f65\" data-element_type=\"container\" data-e-type=\"container\" data-settings=\"{&quot;background_background&quot;:&quot;classic&quot;}\">\n\t\t<div class=\"elementor-element elementor-element-72c6ff7f e-con-full e-flex e-con e-child\" data-id=\"72c6ff7f\" data-element_type=\"container\" data-e-type=\"container\">\n\t\t\t\t<div class=\"elementor-element elementor-element-dbf35b1 elementor-widget elementor-widget-heading\" data-id=\"dbf35b1\" data-element_type=\"widget\" data-e-type=\"widget\" data-widget_type=\"heading.default\">\n\t\t\t\t\t<h1 class=\"elementor-heading-title elementor-size-default\"><h1 class=\"lang-es notranslate\" style=\"font-family: 'Pump Demi Bold', sans-serif;font-size:50px;margin-bottom: -7px\">Atlawa<\/h1>\n\n<h4 class=\"lang-es notranslate\">Objetos de dise\u00f1o en resina<\/h4>\n\n<h1 class=\"lang-en notranslate\" style=\"font-family: 'Pump Demi Bold', sans-serif;font-size:50px;margin-bottom: -7px\">Atlawa<\/h1>\n\n<h4 class=\"lang-en notranslate\">Resin Design Objects<\/h4><\/h1>\t\t\t\t<\/div>\n\t\t<div class=\"elementor-element elementor-element-0b74b93 e-con-full e-flex e-con e-child\" data-id=\"0b74b93\" data-element_type=\"container\" data-e-type=\"container\">\n\t\t\t\t<div class=\"elementor-element elementor-element-d4b0c97 elementor-widget elementor-widget-image\" data-id=\"d4b0c97\" data-element_type=\"widget\" data-e-type=\"widget\" data-widget_type=\"image.default\">\n\t\t\t\t\t\t\t\t\t\t\t\t\t\t\t<img fetchpriority=\"high\" decoding=\"async\" width=\"981\" height=\"254\" src=\"https:\/\/corredorjuarez.com\/wp-content\/uploads\/2025\/12\/Screenshot_2025-12-15_at_1.33.42_a.m.-removebg-preview.webp\" class=\"attachment-large size-large wp-image-2436\" alt=\"\" srcset=\"https:\/\/corredorjuarez.com\/wp-content\/uploads\/2025\/12\/Screenshot_2025-12-15_at_1.33.42_a.m.-removebg-preview.webp 981w, https:\/\/corredorjuarez.com\/wp-content\/uploads\/2025\/12\/Screenshot_2025-12-15_at_1.33.42_a.m.-removebg-preview-300x78.webp 300w, https:\/\/corredorjuarez.com\/wp-content\/uploads\/2025\/12\/Screenshot_2025-12-15_at_1.33.42_a.m.-removebg-preview-768x199.webp 768w\" sizes=\"(max-width: 981px) 100vw, 981px\" \/>\t\t\t\t\t\t\t\t\t\t\t\t\t\t\t<\/div>\n\t\t\t\t<\/div>\n\t\t\t\t<div class=\"elementor-element elementor-element-7d61e54c elementor-widget elementor-widget-text-editor\" data-id=\"7d61e54c\" data-element_type=\"widget\" data-e-type=\"widget\" data-widget_type=\"text-editor.default\">\n\t\t\t\t\t\t\t\t\t<p style=\"text-align: justify;\">Atlawa es una marca mexicana creada en 2003, que surge a partir de la necesidad de crear piezas de resina hecha a mano con identidad y valores nacionales. Nuestra intenci\u00f3n es rendir tributo a la riqueza folcl\u00f3rica de M\u00e9xico, aportando una versi\u00f3n contempor\u00e1nea<\/p>\n<p style=\"text-decoration:underline\">\n<a href=\"https:\/\/www.google.com\/maps\/place\/Atlawa\/@19.4258794,-99.1604538,17z\/data=!3m1!4b1!4m6!3m5!1s0x85d1ffd4b6e99ceb:0x1441a5cf26d33ac0!8m2!3d19.4258744!4d-99.1578789!16s%2Fg%2F11vhtvvt_m?entry=ttu&amp;g_ep=EgoyMDI1MTEyMy4xIKXMDSoASAFQAw%3D%3D\"><i class=\"fa-solid fa-map-pin\" style=\"color: #ff00e7;\"><\/i>Dinamarca 77, Col. Ju\u00e1rez<\/a>\n<\/p>\n<p style=\"text-decoration:underline\">\n<i class=\"fa-brands fa-instagram\" style=\"color: #ff00e7;\"><\/i><a href=\"https:\/\/www.instagram.com\/atlawa\/\">@atlawa<\/a>\n<\/p>\n<p>\n<i class=\"fa-regular fa-calendar\" style=\"color: #ff00e7;\"><\/i>Lunes a domingo 11:00-15:00\n<\/p>\n<p>\n<a href=\"tel:55 5432 8340\"><i class=\"fa-solid fa-phone\" style=\"color: #ff00e7;\"><\/i>55 5432 8340<\/a>\n<\/p>\n<p style=\"text-decoration:underline\">\n<i class=\"fa-solid fa-arrow-up-right-from-square\" style=\"color: #ff00e7;\"><\/i><a href=\"http:\/\/www.atlawa.com\/\">www.atlawa.com<\/a>\n<\/p>\n&nbsp;\t\t\t\t\t\t\t\t<\/div>\n\t\t\t\t<\/div>\n\t\t<div class=\"elementor-element elementor-element-2235ca2c e-con-full e-flex e-con e-child\" data-id=\"2235ca2c\" data-element_type=\"container\" data-e-type=\"container\">\n\t\t\t\t<div class=\"elementor-element elementor-element-89c7697 elementor-widget elementor-widget-image\" data-id=\"89c7697\" data-element_type=\"widget\" data-e-type=\"widget\" data-widget_type=\"image.default\">\n\t\t\t\t\t\t\t\t\t\t\t\t\t\t\t<img decoding=\"async\" width=\"1024\" height=\"1024\" src=\"https:\/\/corredorjuarez.com\/wp-content\/uploads\/2025\/12\/Atlawa_foto2-1024x1024.webp\" class=\"attachment-large size-large wp-image-2435\" alt=\"\" srcset=\"https:\/\/corredorjuarez.com\/wp-content\/uploads\/2025\/12\/Atlawa_foto2-1024x1024.webp 1024w, https:\/\/corredorjuarez.com\/wp-content\/uploads\/2025\/12\/Atlawa_foto2-300x300.webp 300w, https:\/\/corredorjuarez.com\/wp-content\/uploads\/2025\/12\/Atlawa_foto2-150x150.webp 150w, https:\/\/corredorjuarez.com\/wp-content\/uploads\/2025\/12\/Atlawa_foto2-768x768.webp 768w, https:\/\/corredorjuarez.com\/wp-content\/uploads\/2025\/12\/Atlawa_foto2.webp 1080w\" sizes=\"(max-width: 1024px) 100vw, 1024px\" \/>\t\t\t\t\t\t\t\t\t\t\t\t\t\t\t<\/div>\n\t\t\t\t<\/div>\n\t\t\t\t<\/div>\n\t\t\t\t<\/div>\n\t\t","protected":false},"excerpt":{"rendered":"<p>Atlawa Objetos de dise\u00f1o en resina Atlawa Resin Design Objects Atlawa es una marca mexicana creada en 2003, que surge a partir de la necesidad de crear piezas de resina hecha a mano con identidad y valores nacionales. Nuestra intenci\u00f3n es rendir tributo a la riqueza folcl\u00f3rica de M\u00e9xico, aportando una versi\u00f3n contempor\u00e1nea Dinamarca 77, [&hellip;]<\/p>\n","protected":false},"author":1,"featured_media":0,"parent":0,"menu_order":0,"comment_status":"closed","ping_status":"closed","template":"","meta":{"footnotes":""},"class_list":["post-2059","page","type-page","status-publish","hentry"],"blocksy_meta":[],"_links":{"self":[{"href":"https:\/\/corredorjuarez.com\/index.php\/wp-json\/wp\/v2\/pages\/2059","targetHints":{"allow":["GET"]}}],"collection":[{"href":"https:\/\/corredorjuarez.com\/index.php\/wp-json\/wp\/v2\/pages"}],"about":[{"href":"https:\/\/corredorjuarez.com\/index.php\/wp-json\/wp\/v2\/types\/page"}],"author":[{"embeddable":true,"href":"https:\/\/corredorjuarez.com\/index.php\/wp-json\/wp\/v2\/users\/1"}],"replies":[{"embeddable":true,"href":"https:\/\/corredorjuarez.com\/index.php\/wp-json\/wp\/v2\/comments?post=2059"}],"version-history":[{"count":17,"href":"https:\/\/corredorjuarez.com\/index.php\/wp-json\/wp\/v2\/pages\/2059\/revisions"}],"predecessor-version":[{"id":3348,"href":"https:\/\/corredorjuarez.com\/index.php\/wp-json\/wp\/v2\/pages\/2059\/revisions\/3348"}],"wp:attachment":[{"href":"https:\/\/corredorjuarez.com\/index.php\/wp-json\/wp\/v2\/media?parent=2059"}],"curies":[{"name":"wp","href":"https:\/\/api.w.org\/{rel}","templated":true}]}}