{"id":2040,"date":"2025-12-06T20:11:22","date_gmt":"2025-12-06T19:11:22","guid":{"rendered":"http:\/\/corredorjuarez.com\/?page_id=2040"},"modified":"2025-12-26T01:05:52","modified_gmt":"2025-12-26T00:05:52","slug":"maza","status":"publish","type":"page","link":"https:\/\/corredorjuarez.com\/index.php\/maza\/","title":{"rendered":"Maza"},"content":{"rendered":"\t\t<div data-elementor-type=\"wp-page\" data-elementor-id=\"2040\" class=\"elementor elementor-2040\">\n\t\t\t\t<div class=\"elementor-element elementor-element-6831f101 e-con-full e-flex e-con e-parent\" data-id=\"6831f101\" data-element_type=\"container\" data-e-type=\"container\" data-settings=\"{&quot;background_background&quot;:&quot;classic&quot;}\">\n\t\t<div class=\"elementor-element elementor-element-18b864cb e-con-full e-flex e-con e-child\" data-id=\"18b864cb\" data-element_type=\"container\" data-e-type=\"container\">\n\t\t\t\t<div class=\"elementor-element elementor-element-51ecfb0f elementor-widget elementor-widget-heading\" data-id=\"51ecfb0f\" data-element_type=\"widget\" data-e-type=\"widget\" data-widget_type=\"heading.default\">\n\t\t\t\t\t<h1 class=\"elementor-heading-title elementor-size-default\"><h1 class=\"lang-es notranslate\" style=\"font-family: 'Pump Demi Bold', sans-serif;font-size:50px;margin-bottom: -7px\">Maza Bistrot<\/h1>\n\n<h4 class=\"lang-es notranslate\">Bistrot<\/h4>\n\n<h1 class=\"lang-en notranslate\" style=\"font-family: 'Pump Demi Bold', sans-serif;font-size:50px;margin-bottom: -7px\">Maza Bistrot<\/h1>\n\n<h4 class=\"lang-en notranslate\">Bistrot<\/h4><\/h1>\t\t\t\t<\/div>\n\t\t<div class=\"elementor-element elementor-element-b5f3c12 e-con-full e-flex e-con e-child\" data-id=\"b5f3c12\" data-element_type=\"container\" data-e-type=\"container\">\n\t\t\t\t<div class=\"elementor-element elementor-element-183fb61 elementor-widget elementor-widget-image\" data-id=\"183fb61\" data-element_type=\"widget\" data-e-type=\"widget\" data-widget_type=\"image.default\">\n\t\t\t\t\t\t\t\t\t\t\t\t\t\t\t<img fetchpriority=\"high\" decoding=\"async\" width=\"1024\" height=\"496\" src=\"https:\/\/corredorjuarez.com\/wp-content\/uploads\/2025\/12\/Screenshot-2025-12-15-at-1.25.02-a.m-1024x496.webp\" class=\"attachment-large size-large wp-image-2419\" alt=\"\" srcset=\"https:\/\/corredorjuarez.com\/wp-content\/uploads\/2025\/12\/Screenshot-2025-12-15-at-1.25.02-a.m-1024x496.webp 1024w, https:\/\/corredorjuarez.com\/wp-content\/uploads\/2025\/12\/Screenshot-2025-12-15-at-1.25.02-a.m-300x145.webp 300w, https:\/\/corredorjuarez.com\/wp-content\/uploads\/2025\/12\/Screenshot-2025-12-15-at-1.25.02-a.m-768x372.webp 768w, https:\/\/corredorjuarez.com\/wp-content\/uploads\/2025\/12\/Screenshot-2025-12-15-at-1.25.02-a.m.webp 1368w\" sizes=\"(max-width: 1024px) 100vw, 1024px\" \/>\t\t\t\t\t\t\t\t\t\t\t\t\t\t\t<\/div>\n\t\t\t\t<\/div>\n\t\t\t\t<div class=\"elementor-element elementor-element-6f750103 elementor-widget elementor-widget-text-editor\" data-id=\"6f750103\" data-element_type=\"widget\" data-e-type=\"widget\" data-widget_type=\"text-editor.default\">\n\t\t\t\t\t\t\t\t\t<p style=\"text-align: justify;\">Maza Bistrot, inspirado en una historia de amor franco-india, celebra el encuentro de dos culturas a trav\u00e9s de una cocina que une sabores de la India con t\u00e9cnicas francesas. Creado por Rohan Chanana de la India y Caroline Chanana de Francia, Maza es alegr\u00eda servida en peque\u00f1os thalis para compartir, donde las especias, los ingredientes locales y las t\u00e9cnicas ancestrales se mezclan con un toque contempor\u00e1neo. Un bistrot moderno y creativo en Plaza Washington, ideal para disfrutar desde un cha\u00ef con cardamomo hasta una copa de vino con tus platillos favoritos.<\/p>\n<p style=\"text-decoration: underline;\"><a href=\"https:\/\/www.google.com\/maps\/place\/Maza+Bistrot\/@19.4276923,-99.1616961,17z\/data=!3m1!4b1!4m6!3m5!1s0x85d1ff29611c6c03:0x5818ad365e9f0470!8m2!3d19.4276873!4d-99.1591212!16s%2Fg%2F11js_wpb2g?entry=ttu&amp;g_ep=EgoyMDI1MTEyMy4xIKXMDSoASAFQAw%3D%3D\"><i class=\"fa-solid fa-map-pin\" style=\"color: #ff00e7;\"><\/i>Plaza Washington, 47b Dinamarca, 06600, Colonia Ju\u00e1rez, CDMX <\/a><\/p>\n<p style=\"text-decoration: underline;\"><i class=\"fa-brands fa-instagram\" style=\"color: #ff00e7;\"><\/i><a href=\"https:\/\/www.instagram.com\/mazabistrot\/\">@mazabistrot<\/a><\/p>\n<p>\n<a href=\"tel:5559257841\"><i class=\"fa-solid fa-phone\" style=\"color: #ff00e7;\"><\/i>5559257841<\/a>\n<\/p>\n<i class=\"fa-regular fa-calendar\" style=\"color: #ff00e7;\"><\/i>Mi\u00e9rcoles a Lunes s de 14:00-22:00\n\n&nbsp;\t\t\t\t\t\t\t\t<\/div>\n\t\t\t\t<\/div>\n\t\t<div class=\"elementor-element elementor-element-24da505 e-con-full e-flex e-con e-child\" data-id=\"24da505\" data-element_type=\"container\" data-e-type=\"container\">\n\t\t\t\t<div class=\"elementor-element elementor-element-1f6c4a0d elementor-widget elementor-widget-image\" data-id=\"1f6c4a0d\" data-element_type=\"widget\" data-e-type=\"widget\" data-widget_type=\"image.default\">\n\t\t\t\t\t\t\t\t\t\t\t\t\t\t\t<img decoding=\"async\" width=\"1024\" height=\"1024\" src=\"https:\/\/corredorjuarez.com\/wp-content\/uploads\/2025\/12\/Maza_bistrot_foto2-1024x1024.webp\" class=\"attachment-large size-large wp-image-2418\" alt=\"\" srcset=\"https:\/\/corredorjuarez.com\/wp-content\/uploads\/2025\/12\/Maza_bistrot_foto2-1024x1024.webp 1024w, https:\/\/corredorjuarez.com\/wp-content\/uploads\/2025\/12\/Maza_bistrot_foto2-300x300.webp 300w, https:\/\/corredorjuarez.com\/wp-content\/uploads\/2025\/12\/Maza_bistrot_foto2-150x150.webp 150w, https:\/\/corredorjuarez.com\/wp-content\/uploads\/2025\/12\/Maza_bistrot_foto2-768x768.webp 768w, https:\/\/corredorjuarez.com\/wp-content\/uploads\/2025\/12\/Maza_bistrot_foto2.webp 1080w\" sizes=\"(max-width: 1024px) 100vw, 1024px\" \/>\t\t\t\t\t\t\t\t\t\t\t\t\t\t\t<\/div>\n\t\t\t\t<\/div>\n\t\t\t\t<\/div>\n\t\t\t\t<\/div>\n\t\t","protected":false},"excerpt":{"rendered":"<p>Maza Bistrot Bistrot Maza Bistrot Bistrot Maza Bistrot, inspirado en una historia de amor franco-india, celebra el encuentro de dos culturas a trav\u00e9s de una cocina que une sabores de la India con t\u00e9cnicas francesas. Creado por Rohan Chanana de la India y Caroline Chanana de Francia, Maza es alegr\u00eda servida en peque\u00f1os thalis para [&hellip;]<\/p>\n","protected":false},"author":1,"featured_media":0,"parent":0,"menu_order":0,"comment_status":"closed","ping_status":"closed","template":"","meta":{"footnotes":""},"class_list":["post-2040","page","type-page","status-publish","hentry"],"blocksy_meta":[],"_links":{"self":[{"href":"https:\/\/corredorjuarez.com\/index.php\/wp-json\/wp\/v2\/pages\/2040","targetHints":{"allow":["GET"]}}],"collection":[{"href":"https:\/\/corredorjuarez.com\/index.php\/wp-json\/wp\/v2\/pages"}],"about":[{"href":"https:\/\/corredorjuarez.com\/index.php\/wp-json\/wp\/v2\/types\/page"}],"author":[{"embeddable":true,"href":"https:\/\/corredorjuarez.com\/index.php\/wp-json\/wp\/v2\/users\/1"}],"replies":[{"embeddable":true,"href":"https:\/\/corredorjuarez.com\/index.php\/wp-json\/wp\/v2\/comments?post=2040"}],"version-history":[{"count":19,"href":"https:\/\/corredorjuarez.com\/index.php\/wp-json\/wp\/v2\/pages\/2040\/revisions"}],"predecessor-version":[{"id":3287,"href":"https:\/\/corredorjuarez.com\/index.php\/wp-json\/wp\/v2\/pages\/2040\/revisions\/3287"}],"wp:attachment":[{"href":"https:\/\/corredorjuarez.com\/index.php\/wp-json\/wp\/v2\/media?parent=2040"}],"curies":[{"name":"wp","href":"https:\/\/api.w.org\/{rel}","templated":true}]}}