{"id":1970,"date":"2025-12-06T08:16:47","date_gmt":"2025-12-06T07:16:47","guid":{"rendered":"http:\/\/corredorjuarez.com\/?page_id=1970"},"modified":"2025-12-26T01:01:03","modified_gmt":"2025-12-26T00:01:03","slug":"testarudo","status":"publish","type":"page","link":"https:\/\/corredorjuarez.com\/index.php\/testarudo\/","title":{"rendered":"Testarudo"},"content":{"rendered":"\t\t<div data-elementor-type=\"wp-page\" data-elementor-id=\"1970\" class=\"elementor elementor-1970\">\n\t\t\t\t<div class=\"elementor-element elementor-element-2722d323 e-con-full e-flex e-con e-parent\" data-id=\"2722d323\" data-element_type=\"container\" data-e-type=\"container\" data-settings=\"{&quot;background_background&quot;:&quot;classic&quot;}\">\n\t\t<div class=\"elementor-element elementor-element-2f20d605 e-con-full e-flex e-con e-child\" data-id=\"2f20d605\" data-element_type=\"container\" data-e-type=\"container\">\n\t\t\t\t<div class=\"elementor-element elementor-element-2fdc60db elementor-widget elementor-widget-heading\" data-id=\"2fdc60db\" data-element_type=\"widget\" data-e-type=\"widget\" data-widget_type=\"heading.default\">\n\t\t\t\t\t<h1 class=\"elementor-heading-title elementor-size-default\"><h1 class=\"lang-es notranslate\" style=\"font-family: 'Pump Demi Bold', sans-serif;font-size:50px;margin-bottom: -7px\">Testarudo Cafe<\/h1>\n\n<h4 class=\"lang-es notranslate\">Cafeteria<\/h4>\n\n<h1 class=\"lang-en notranslate\" style=\"font-family: 'Pump Demi Bold', sans-serif;font-size:50px;margin-bottom: -7px\">Testarudo Cafe<\/h1>\n\n<h4 class=\"lang-en notranslate\">Coffee Shop<\/h4><\/h1>\t\t\t\t<\/div>\n\t\t<div class=\"elementor-element elementor-element-d109ecb e-con-full e-flex e-con e-child\" data-id=\"d109ecb\" data-element_type=\"container\" data-e-type=\"container\">\n\t\t\t\t<div class=\"elementor-element elementor-element-e2405d1 elementor-widget elementor-widget-image\" data-id=\"e2405d1\" data-element_type=\"widget\" data-e-type=\"widget\" data-widget_type=\"image.default\">\n\t\t\t\t\t\t\t\t\t\t\t\t\t\t\t<img fetchpriority=\"high\" decoding=\"async\" width=\"577\" height=\"163\" src=\"https:\/\/corredorjuarez.com\/wp-content\/uploads\/2025\/12\/Testarudo_logo-removebg-preview.webp\" class=\"attachment-large size-large wp-image-2396\" alt=\"\" srcset=\"https:\/\/corredorjuarez.com\/wp-content\/uploads\/2025\/12\/Testarudo_logo-removebg-preview.webp 577w, https:\/\/corredorjuarez.com\/wp-content\/uploads\/2025\/12\/Testarudo_logo-removebg-preview-300x85.webp 300w\" sizes=\"(max-width: 577px) 100vw, 577px\" \/>\t\t\t\t\t\t\t\t\t\t\t\t\t\t\t<\/div>\n\t\t\t\t<\/div>\n\t\t\t\t<div class=\"elementor-element elementor-element-e49f681 elementor-widget elementor-widget-text-editor\" data-id=\"e49f681\" data-element_type=\"widget\" data-e-type=\"widget\" data-widget_type=\"text-editor.default\">\n\t\t\t\t\t\t\t\t\t<p style=\"text-align: justify;\">\nEn Testarudo Caf\u00e9 encontrar\u00e1s el lugar ideal para concentrarte en tu trabajo, disfrutar de una charla con amigos o simplemente relajarte con una buena taza de caf\u00e9.\nSomos un espacio pet friendly, as\u00ed que puedes traer a tu compa\u00f1ero de cuatro patas, y estamos ubicados en el coraz\u00f3n de la Colonia Ju\u00e1rez, rodeados de la energ\u00eda y el encanto que hacen \u00fanica a esta zona de la Ciudad de M\u00e9xico.<\/p>\n<p>\n<i class=\"fa-solid fa-map-pin\" style=\"color: #ff00e7;\"><\/i>\n<a style=\"text-decoration: underline; font-weight: bold;\" href=\"https:\/\/www.google.com\/maps\/place\/Testarudo+Caf%C3%A9\/\" target=\"_blank\" rel=\"noopener\">\nN\u00e1poles 47, Col. Ju\u00e1rez\n<\/a>\n<\/p>\n<p>\n<i class=\"fa-brands fa-instagram\" style=\"color: #ff00e7;\"><\/i>\n<a style=\"text-decoration: underline; font-weight: bold;\" href=\"https:\/\/www.instagram.com\/testarudo_cafe\/\" target=\"_blank\" rel=\"noopener\">\n@testarudo_cafe\n<\/a>\n<\/p>\n<p>\n<i class=\"fa-regular fa-calendar\" style=\"color: #ff00e7;\"><\/i>\nLunes \u2013 Martes: 9:00 \u2013 17:00 hrs\n<\/p>\n<p>\n<i class=\"fa-regular fa-calendar\" style=\"color: #ff00e7;\"><\/i>\nMi\u00e9rcoles \u2013 Viernes: 8:30 \u2013 19:00 hrs\n<\/p>\n<p>\n<i class=\"fa-regular fa-calendar\" style=\"color: #ff00e7;\"><\/i>\nS\u00e1bado \u2013 Domingo: 9:00 \u2013 17:00 hrs\n<\/p>\n\n<i class=\"fa-solid fa-up-right-from-square\" style=\"color: #ff00e7;\"><\/i>\n<a style=\"text-decoration: underline; font-weight: bold;\" href=\"http:\/\/www.testarudocafe.com\/\" target=\"_blank\" rel=\"noopener\">\nwww.testarudocafe.com\n<\/a>\t\t\t\t\t\t\t\t<\/div>\n\t\t\t\t<\/div>\n\t\t<div class=\"elementor-element elementor-element-7adfc4fd e-con-full e-flex e-con e-child\" data-id=\"7adfc4fd\" data-element_type=\"container\" data-e-type=\"container\">\n\t\t\t\t<div class=\"elementor-element elementor-element-3a06e154 elementor-widget elementor-widget-image\" data-id=\"3a06e154\" data-element_type=\"widget\" data-e-type=\"widget\" data-widget_type=\"image.default\">\n\t\t\t\t\t\t\t\t\t\t\t\t\t\t\t<img decoding=\"async\" width=\"1024\" height=\"683\" src=\"https:\/\/corredorjuarez.com\/wp-content\/uploads\/2025\/12\/Testarudo_foto1-1024x683.webp\" class=\"attachment-large size-large wp-image-2394\" alt=\"\" srcset=\"https:\/\/corredorjuarez.com\/wp-content\/uploads\/2025\/12\/Testarudo_foto1-1024x683.webp 1024w, https:\/\/corredorjuarez.com\/wp-content\/uploads\/2025\/12\/Testarudo_foto1-300x200.webp 300w, https:\/\/corredorjuarez.com\/wp-content\/uploads\/2025\/12\/Testarudo_foto1-768x512.jpg 768w, https:\/\/corredorjuarez.com\/wp-content\/uploads\/2025\/12\/Testarudo_foto1.webp 1080w\" sizes=\"(max-width: 1024px) 100vw, 1024px\" \/>\t\t\t\t\t\t\t\t\t\t\t\t\t\t\t<\/div>\n\t\t\t\t<\/div>\n\t\t\t\t<\/div>\n\t\t\t\t<\/div>\n\t\t","protected":false},"excerpt":{"rendered":"<p>Testarudo Cafe Cafeteria Testarudo Cafe Coffee Shop En Testarudo Caf\u00e9 encontrar\u00e1s el lugar ideal para concentrarte en tu trabajo, disfrutar de una charla con amigos o simplemente relajarte con una buena taza de caf\u00e9. Somos un espacio pet friendly, as\u00ed que puedes traer a tu compa\u00f1ero de cuatro patas, y estamos ubicados en el coraz\u00f3n [&hellip;]<\/p>\n","protected":false},"author":1,"featured_media":0,"parent":0,"menu_order":0,"comment_status":"closed","ping_status":"closed","template":"","meta":{"footnotes":""},"class_list":["post-1970","page","type-page","status-publish","hentry"],"blocksy_meta":[],"_links":{"self":[{"href":"https:\/\/corredorjuarez.com\/index.php\/wp-json\/wp\/v2\/pages\/1970","targetHints":{"allow":["GET"]}}],"collection":[{"href":"https:\/\/corredorjuarez.com\/index.php\/wp-json\/wp\/v2\/pages"}],"about":[{"href":"https:\/\/corredorjuarez.com\/index.php\/wp-json\/wp\/v2\/types\/page"}],"author":[{"embeddable":true,"href":"https:\/\/corredorjuarez.com\/index.php\/wp-json\/wp\/v2\/users\/1"}],"replies":[{"embeddable":true,"href":"https:\/\/corredorjuarez.com\/index.php\/wp-json\/wp\/v2\/comments?post=1970"}],"version-history":[{"count":19,"href":"https:\/\/corredorjuarez.com\/index.php\/wp-json\/wp\/v2\/pages\/1970\/revisions"}],"predecessor-version":[{"id":3272,"href":"https:\/\/corredorjuarez.com\/index.php\/wp-json\/wp\/v2\/pages\/1970\/revisions\/3272"}],"wp:attachment":[{"href":"https:\/\/corredorjuarez.com\/index.php\/wp-json\/wp\/v2\/media?parent=1970"}],"curies":[{"name":"wp","href":"https:\/\/api.w.org\/{rel}","templated":true}]}}