{"id":1962,"date":"2025-12-06T08:06:16","date_gmt":"2025-12-06T07:06:16","guid":{"rendered":"http:\/\/corredorjuarez.com\/?page_id=1962"},"modified":"2025-12-26T21:36:05","modified_gmt":"2025-12-26T20:36:05","slug":"motin","status":"publish","type":"page","link":"https:\/\/corredorjuarez.com\/index.php\/motin\/","title":{"rendered":"Motin"},"content":{"rendered":"\t\t<div data-elementor-type=\"wp-page\" data-elementor-id=\"1962\" class=\"elementor elementor-1962\">\n\t\t\t\t<div class=\"elementor-element elementor-element-32b61129 e-con-full e-flex e-con e-parent\" data-id=\"32b61129\" data-element_type=\"container\" data-e-type=\"container\" data-settings=\"{&quot;background_background&quot;:&quot;classic&quot;}\">\n\t\t<div class=\"elementor-element elementor-element-7b67f9a1 e-con-full e-flex e-con e-child\" data-id=\"7b67f9a1\" data-element_type=\"container\" data-e-type=\"container\">\n\t\t\t\t<div class=\"elementor-element elementor-element-5472cb00 elementor-widget elementor-widget-heading\" data-id=\"5472cb00\" data-element_type=\"widget\" data-e-type=\"widget\" data-widget_type=\"heading.default\">\n\t\t\t\t\t<h1 class=\"elementor-heading-title elementor-size-default\"><h1 class=\"lang-es notranslate\" style=\"font-family: 'Pump Demi Bold', sans-serif;font-size:50px;margin-bottom: -7px\">Mot\u00edn Juarez<\/h1>\n\n<h4 class=\"lang-es notranslate\">Restaurante y cafeteria<\/h4>\n\n<h1 class=\"lang-en notranslate\" style=\"font-family: 'Pump Demi Bold', sans-serif;font-size:50px;margin-bottom: -7px\">Mot\u00edn Juarez<\/h1>\n\n<h4 class=\"lang-en notranslate\">Restaurant &amp; Coffee Shop<\/h4><\/h1>\t\t\t\t<\/div>\n\t\t<div class=\"elementor-element elementor-element-b45fc13 e-con-full e-flex e-con e-child\" data-id=\"b45fc13\" data-element_type=\"container\" data-e-type=\"container\">\n\t\t\t\t<div class=\"elementor-element elementor-element-a74a66f elementor-widget elementor-widget-image\" data-id=\"a74a66f\" data-element_type=\"widget\" data-e-type=\"widget\" data-widget_type=\"image.default\">\n\t\t\t\t\t\t\t\t\t\t\t\t\t\t\t<img fetchpriority=\"high\" decoding=\"async\" width=\"892\" height=\"359\" src=\"https:\/\/corredorjuarez.com\/wp-content\/uploads\/2025\/12\/LOGO_MOTIN.webp\" class=\"attachment-large size-large wp-image-2390\" alt=\"\" srcset=\"https:\/\/corredorjuarez.com\/wp-content\/uploads\/2025\/12\/LOGO_MOTIN.webp 892w, https:\/\/corredorjuarez.com\/wp-content\/uploads\/2025\/12\/LOGO_MOTIN-300x121.webp 300w, https:\/\/corredorjuarez.com\/wp-content\/uploads\/2025\/12\/LOGO_MOTIN-768x309.webp 768w\" sizes=\"(max-width: 892px) 100vw, 892px\" \/>\t\t\t\t\t\t\t\t\t\t\t\t\t\t\t<\/div>\n\t\t\t\t<\/div>\n\t\t\t\t<div class=\"elementor-element elementor-element-1b4c5c0f elementor-widget elementor-widget-text-editor\" data-id=\"1b4c5c0f\" data-element_type=\"widget\" data-e-type=\"widget\" data-widget_type=\"text-editor.default\">\n\t\t\t\t\t\t\t\t\t<p style=\"text-align: justify;\">Restaurante y cafeter\u00eda de especialidad con men\u00fa para desayunos, brunch, comidas y cenas.\nAll day caf\u00e9 con terraza interna, incre\u00edble servicio y el ambiente perfecto para disfrutar una comida deliciosa.<\/p>\n<p style=\"text-decoration: underline;\"><i class=\"fa-solid fa-map-pin\" style=\"color: #ff00e7;\"><\/i>\n<a href=\"https:\/\/www.google.com.mx\/maps\/place\/Motin+Napoles\/@19.4275035,-99.1628425,17z\/data=!3m1!4b1!4m6!3m5!1s0x85d1ff511e1cac87:0xfd3fc3eda9fd0f1f!8m2!3d19.4275035!4d-99.1602622!16s%2Fg%2F11yb4nrrcj?entry=ttu&amp;g_ep=EgoyMDI1MTEyMy4xIKXMDSoASAFQAw%3D%3D\">Calle N\u00e1poles 36 Col. Ju\u00e1rez<\/a><\/p>\n<p>\n<i class=\"fa-brands fa-instagram\" style=\"color: #ff00e7;\"><\/i>\n<a style=\"text-decoration: underline; font-weight: bold;\" href=\"https:\/\/www.instagram.com\/motin_mx\/\" target=\"_blank\" rel=\"noopener\">\n@motin_mx\n<\/a>\n<\/p>\n<p>\n<i class=\"fa-regular fa-calendar\" style=\"color: #ff00e7;\"><\/i>\nLunes a Mi\u00e9rcoles: 8:00 \u2013 17:00\n<\/p>\n<p>\n<i class=\"fa-regular fa-calendar\" style=\"color: #ff00e7;\"><\/i>\nJueves a S\u00e1bado: 8:00 \u2013 20:00\n<\/p>\n<p>\n<i class=\"fa-regular fa-calendar\" style=\"color: #ff00e7;\"><\/i>\nDomingo: 8:00 \u2013 16:00\n<\/p>\n<p>\n<i class=\"fa-solid fa-phone\" style=\"color: #ff00e7;\"><\/i>\n<a style=\"text-decoration: none; font-weight: bold;\" href=\"tel:5585773832\">\n55 8577 3832\n<\/a>\n<\/p>\n<p>\n<i class=\"fa-regular fa-note-sticky\" style=\"color: #ff00e7;\"><\/i>\nPet Friendly\n<\/p>\n<i class=\"fa-regular fa-note-sticky\" style=\"color: #ff00e7;\"><\/i>\nFines de semana se recomienda reservar\t\t\t\t\t\t\t\t<\/div>\n\t\t\t\t<\/div>\n\t\t<div class=\"elementor-element elementor-element-671d5c57 e-con-full e-flex e-con e-child\" data-id=\"671d5c57\" data-element_type=\"container\" data-e-type=\"container\">\n\t\t\t\t<div class=\"elementor-element elementor-element-581dc8f3 elementor-widget elementor-widget-image\" data-id=\"581dc8f3\" data-element_type=\"widget\" data-e-type=\"widget\" data-widget_type=\"image.default\">\n\t\t\t\t\t\t\t\t\t\t\t\t\t\t\t<img decoding=\"async\" width=\"817\" height=\"1024\" src=\"https:\/\/corredorjuarez.com\/wp-content\/uploads\/2025\/12\/Motin_foto2-817x1024.webp\" class=\"attachment-large size-large wp-image-2389\" alt=\"\" srcset=\"https:\/\/corredorjuarez.com\/wp-content\/uploads\/2025\/12\/Motin_foto2-817x1024.webp 817w, https:\/\/corredorjuarez.com\/wp-content\/uploads\/2025\/12\/Motin_foto2-239x300.webp 239w, https:\/\/corredorjuarez.com\/wp-content\/uploads\/2025\/12\/Motin_foto2-768x962.jpg 768w, https:\/\/corredorjuarez.com\/wp-content\/uploads\/2025\/12\/Motin_foto2.webp 1080w\" sizes=\"(max-width: 817px) 100vw, 817px\" \/>\t\t\t\t\t\t\t\t\t\t\t\t\t\t\t<\/div>\n\t\t\t\t<\/div>\n\t\t\t\t<\/div>\n\t\t\t\t<\/div>\n\t\t","protected":false},"excerpt":{"rendered":"<p>Mot\u00edn Juarez Restaurante y cafeteria Mot\u00edn Juarez Restaurant &amp; Coffee Shop Restaurante y cafeter\u00eda de especialidad con men\u00fa para desayunos, brunch, comidas y cenas. All day caf\u00e9 con terraza interna, incre\u00edble servicio y el ambiente perfecto para disfrutar una comida deliciosa. Calle N\u00e1poles 36 Col. Ju\u00e1rez @motin_mx Lunes a Mi\u00e9rcoles: 8:00 \u2013 17:00 Jueves a [&hellip;]<\/p>\n","protected":false},"author":1,"featured_media":0,"parent":0,"menu_order":0,"comment_status":"closed","ping_status":"closed","template":"","meta":{"footnotes":""},"class_list":["post-1962","page","type-page","status-publish","hentry"],"blocksy_meta":[],"_links":{"self":[{"href":"https:\/\/corredorjuarez.com\/index.php\/wp-json\/wp\/v2\/pages\/1962","targetHints":{"allow":["GET"]}}],"collection":[{"href":"https:\/\/corredorjuarez.com\/index.php\/wp-json\/wp\/v2\/pages"}],"about":[{"href":"https:\/\/corredorjuarez.com\/index.php\/wp-json\/wp\/v2\/types\/page"}],"author":[{"embeddable":true,"href":"https:\/\/corredorjuarez.com\/index.php\/wp-json\/wp\/v2\/users\/1"}],"replies":[{"embeddable":true,"href":"https:\/\/corredorjuarez.com\/index.php\/wp-json\/wp\/v2\/comments?post=1962"}],"version-history":[{"count":25,"href":"https:\/\/corredorjuarez.com\/index.php\/wp-json\/wp\/v2\/pages\/1962\/revisions"}],"predecessor-version":[{"id":3345,"href":"https:\/\/corredorjuarez.com\/index.php\/wp-json\/wp\/v2\/pages\/1962\/revisions\/3345"}],"wp:attachment":[{"href":"https:\/\/corredorjuarez.com\/index.php\/wp-json\/wp\/v2\/media?parent=1962"}],"curies":[{"name":"wp","href":"https:\/\/api.w.org\/{rel}","templated":true}]}}