{"id":1951,"date":"2025-12-06T07:43:39","date_gmt":"2025-12-06T06:43:39","guid":{"rendered":"http:\/\/corredorjuarez.com\/?page_id=1951"},"modified":"2025-12-26T00:57:01","modified_gmt":"2025-12-25T23:57:01","slug":"nailsbeauty","status":"publish","type":"page","link":"https:\/\/corredorjuarez.com\/index.php\/nailsbeauty\/","title":{"rendered":"NailsBeauty"},"content":{"rendered":"\t\t<div data-elementor-type=\"wp-page\" data-elementor-id=\"1951\" class=\"elementor elementor-1951\">\n\t\t\t\t<div class=\"elementor-element elementor-element-b778bd6 e-con-full e-flex e-con e-parent\" data-id=\"b778bd6\" data-element_type=\"container\" data-e-type=\"container\" data-settings=\"{&quot;background_background&quot;:&quot;classic&quot;}\">\n\t\t<div class=\"elementor-element elementor-element-4bb97e93 e-con-full e-flex e-con e-child\" data-id=\"4bb97e93\" data-element_type=\"container\" data-e-type=\"container\">\n\t\t\t\t<div class=\"elementor-element elementor-element-f10db7a elementor-widget elementor-widget-heading\" data-id=\"f10db7a\" data-element_type=\"widget\" data-e-type=\"widget\" data-widget_type=\"heading.default\">\n\t\t\t\t\t<h1 class=\"elementor-heading-title elementor-size-default\"><h1 class=\"lang-es notranslate\" style=\"font-family: 'Pump Demi Bold', sans-serif;font-size:50px;margin-bottom: -7px\">Nails &amp; Beauty by Casa Dinamarca<\/h1>\n\n<h4 class=\"lang-es notranslate\">Nails &amp; beauty bar<\/h4>\n\n<h1 class=\"lang-en notranslate\" style=\"font-family: 'Pump Demi Bold', sans-serif;font-size:50px;margin-bottom: -7px\">Nails &amp; Beauty by Casa Dinamarca<\/h1>\n\n<h4 class=\"lang-en notranslate\">Nails &amp; beauty bar<\/h4><\/h1>\t\t\t\t<\/div>\n\t\t<div class=\"elementor-element elementor-element-6578fb4 e-con-full e-flex e-con e-child\" data-id=\"6578fb4\" data-element_type=\"container\" data-e-type=\"container\">\n\t\t\t\t<div class=\"elementor-element elementor-element-81910c3 elementor-widget elementor-widget-image\" data-id=\"81910c3\" data-element_type=\"widget\" data-e-type=\"widget\" data-widget_type=\"image.default\">\n\t\t\t\t\t\t\t\t\t\t\t\t\t\t\t<img fetchpriority=\"high\" decoding=\"async\" width=\"975\" height=\"256\" src=\"https:\/\/corredorjuarez.com\/wp-content\/uploads\/2025\/12\/Screenshot_2025-12-15_at_12.43.31_a.m.-removebg-preview.webp\" class=\"attachment-large size-large wp-image-2382\" alt=\"\" srcset=\"https:\/\/corredorjuarez.com\/wp-content\/uploads\/2025\/12\/Screenshot_2025-12-15_at_12.43.31_a.m.-removebg-preview.webp 975w, https:\/\/corredorjuarez.com\/wp-content\/uploads\/2025\/12\/Screenshot_2025-12-15_at_12.43.31_a.m.-removebg-preview-300x79.webp 300w, https:\/\/corredorjuarez.com\/wp-content\/uploads\/2025\/12\/Screenshot_2025-12-15_at_12.43.31_a.m.-removebg-preview-768x202.webp 768w\" sizes=\"(max-width: 975px) 100vw, 975px\" \/>\t\t\t\t\t\t\t\t\t\t\t\t\t\t\t<\/div>\n\t\t\t\t<\/div>\n\t\t\t\t<div class=\"elementor-element elementor-element-2ee1dbee elementor-widget elementor-widget-text-editor\" data-id=\"2ee1dbee\" data-element_type=\"widget\" data-e-type=\"widget\" data-widget_type=\"text-editor.default\">\n\t\t\t\t\t\t\t\t\t<p style=\"text-align: justify;\">Nails &amp; Beauty forma parte de Casa Dinamarca Boutique y ofrece una experiencia de belleza cuidada, relajada y con atenci\u00f3n al detalle.\nBrindamos servicios de u\u00f1as, manicure y cuidados express en un ambiente \u00edntimo y creativo.\nEs el lugar perfecto para consentirte y disfrutar un momento para ti.<\/p>\n<p style=\"text-decoration: underline;\"><i class=\"fa-solid fa-map-pin\" style=\"color: #ff00e7;\">\n<\/I>\n<a href=\"https:\/\/www.google.com.mx\/maps\/place\/Casa+Dinamarca+Nails+%26+Beauty\/@19.4265465,-99.1626817,17z\/data=!3m1!4b1!4m6!3m5!1s0x85d1ffb5397984d7:0x226e207771a9e708!8m2!3d19.4265466!4d-99.1578161!16s%2Fg%2F11wpp3h0sw?entry=ttu&amp;g_ep=EgoyMDI1MTExNi4wIKXMDSoASAFQAw%3D%3D\"><b>Dinamarca 64, Col. Ju\u00e1rez<\/b><\/a><\/p>\n<p>\n<i class=\"fa-brands fa-instagram\" style=\"color: #ff00e7;\"><\/i>\n<a style=\"text-decoration: underline; font-weight: bold;\" href=\"https:\/\/www.instagram.com\/casadinamarca.nails\/\" target=\"_blank\" rel=\"noopener\">\n@casadinamarca.nails\n<\/a>\n<\/p>\n<p>\n<i class=\"fa-regular fa-calendar\" style=\"color: #ff00e7;\"><\/i>\n<b>Lunes a S\u00e1bado: 11:00 a.m. \u2013 6:00 p.m.<\/b>\n<\/p>\n<p>\n<i class=\"fa-regular fa-calendar\" style=\"color: #ff00e7;\"><\/i>\n<b>Domingo cerrado<\/b>\n<\/p>\n<p>\n<i class=\"fa-solid fa-phone\" style=\"color: #ff00e7;\"><\/i>\n<a style=\"text-decoration: none; color: inherit; font-weight: bold;\" href=\"tel:5610434327\">\n56 1043 4327\n<\/a>\n<\/p>\n<i class=\"fa-regular fa-note-sticky\" style=\"color: #ff00e7;\"><\/i>\nEstamos adentro de Casa Dinamarca\t\t\t\t\t\t\t\t<\/div>\n\t\t\t\t<\/div>\n\t\t<div class=\"elementor-element elementor-element-2940cff3 e-con-full e-flex e-con e-child\" data-id=\"2940cff3\" data-element_type=\"container\" data-e-type=\"container\">\n\t\t\t\t<div class=\"elementor-element elementor-element-58e8847a elementor-widget elementor-widget-image\" data-id=\"58e8847a\" data-element_type=\"widget\" data-e-type=\"widget\" data-widget_type=\"image.default\">\n\t\t\t\t\t\t\t\t\t\t\t\t\t\t\t<img decoding=\"async\" width=\"776\" height=\"554\" src=\"https:\/\/corredorjuarez.com\/wp-content\/uploads\/2025\/12\/Screenshot-2025-12-15-at-12.40.21-a.m.webp\" class=\"attachment-large size-large wp-image-2380\" alt=\"\" srcset=\"https:\/\/corredorjuarez.com\/wp-content\/uploads\/2025\/12\/Screenshot-2025-12-15-at-12.40.21-a.m.webp 776w, https:\/\/corredorjuarez.com\/wp-content\/uploads\/2025\/12\/Screenshot-2025-12-15-at-12.40.21-a.m-300x214.webp 300w, https:\/\/corredorjuarez.com\/wp-content\/uploads\/2025\/12\/Screenshot-2025-12-15-at-12.40.21-a.m-768x548.webp 768w\" sizes=\"(max-width: 776px) 100vw, 776px\" \/>\t\t\t\t\t\t\t\t\t\t\t\t\t\t\t<\/div>\n\t\t\t\t<\/div>\n\t\t\t\t<\/div>\n\t\t\t\t<\/div>\n\t\t","protected":false},"excerpt":{"rendered":"<p>Nails &amp; Beauty by Casa Dinamarca Nails &amp; beauty bar Nails &amp; Beauty by Casa Dinamarca Nails &amp; beauty bar Nails &amp; Beauty forma parte de Casa Dinamarca Boutique y ofrece una experiencia de belleza cuidada, relajada y con atenci\u00f3n al detalle. Brindamos servicios de u\u00f1as, manicure y cuidados express en un ambiente \u00edntimo y [&hellip;]<\/p>\n","protected":false},"author":1,"featured_media":0,"parent":0,"menu_order":0,"comment_status":"closed","ping_status":"closed","template":"","meta":{"footnotes":""},"class_list":["post-1951","page","type-page","status-publish","hentry"],"blocksy_meta":[],"_links":{"self":[{"href":"https:\/\/corredorjuarez.com\/index.php\/wp-json\/wp\/v2\/pages\/1951","targetHints":{"allow":["GET"]}}],"collection":[{"href":"https:\/\/corredorjuarez.com\/index.php\/wp-json\/wp\/v2\/pages"}],"about":[{"href":"https:\/\/corredorjuarez.com\/index.php\/wp-json\/wp\/v2\/types\/page"}],"author":[{"embeddable":true,"href":"https:\/\/corredorjuarez.com\/index.php\/wp-json\/wp\/v2\/users\/1"}],"replies":[{"embeddable":true,"href":"https:\/\/corredorjuarez.com\/index.php\/wp-json\/wp\/v2\/comments?post=1951"}],"version-history":[{"count":34,"href":"https:\/\/corredorjuarez.com\/index.php\/wp-json\/wp\/v2\/pages\/1951\/revisions"}],"predecessor-version":[{"id":3260,"href":"https:\/\/corredorjuarez.com\/index.php\/wp-json\/wp\/v2\/pages\/1951\/revisions\/3260"}],"wp:attachment":[{"href":"https:\/\/corredorjuarez.com\/index.php\/wp-json\/wp\/v2\/media?parent=1951"}],"curies":[{"name":"wp","href":"https:\/\/api.w.org\/{rel}","templated":true}]}}