{"id":1907,"date":"2025-12-06T06:43:32","date_gmt":"2025-12-06T05:43:32","guid":{"rendered":"http:\/\/corredorjuarez.com\/?page_id=1907"},"modified":"2026-01-23T14:19:23","modified_gmt":"2026-01-23T20:19:23","slug":"galeria-ethra","status":"publish","type":"page","link":"https:\/\/corredorjuarez.com\/index.php\/galeria-ethra\/","title":{"rendered":"Galer\u00edaEthra"},"content":{"rendered":"\t\t<div data-elementor-type=\"wp-page\" data-elementor-id=\"1907\" class=\"elementor elementor-1907\">\n\t\t\t\t<div class=\"elementor-element elementor-element-781328ad e-con-full e-flex e-con e-parent\" data-id=\"781328ad\" data-element_type=\"container\" data-e-type=\"container\" data-settings=\"{&quot;background_background&quot;:&quot;classic&quot;}\">\n\t\t<div class=\"elementor-element elementor-element-6ce64ba2 e-con-full e-flex e-con e-child\" data-id=\"6ce64ba2\" data-element_type=\"container\" data-e-type=\"container\">\n\t\t\t\t<div class=\"elementor-element elementor-element-475faece elementor-widget elementor-widget-heading\" data-id=\"475faece\" data-element_type=\"widget\" data-e-type=\"widget\" data-widget_type=\"heading.default\">\n\t\t\t\t\t<h1 class=\"elementor-heading-title elementor-size-default\"><h1 class=\"lang-es notranslate\" style=\"font-family: 'Pump Demi Bold', sans-serif;font-size:50px;margin-bottom: -7px\">Galer\u00eda Ethra<\/h1>\n\n<h4 class=\"lang-es notranslate\">Galer\u00eda de arte<\/h4>\n\n<h1 class=\"lang-en notranslate\" style=\"font-family: 'Pump Demi Bold', sans-serif;font-size:50px;margin-bottom: -7px\">Galer\u00eda Ethra<\/h1>\n\n<h4 class=\"lang-en notranslate\">Contemporary Art Gallery<\/h4><\/h1>\t\t\t\t<\/div>\n\t\t<div class=\"elementor-element elementor-element-3395c31 e-con-full e-flex e-con e-child\" data-id=\"3395c31\" data-element_type=\"container\" data-e-type=\"container\">\n\t\t\t\t<div class=\"elementor-element elementor-element-4b5af2f elementor-widget elementor-widget-image\" data-id=\"4b5af2f\" data-element_type=\"widget\" data-e-type=\"widget\" data-widget_type=\"image.default\">\n\t\t\t\t\t\t\t\t\t\t\t\t\t\t\t<img fetchpriority=\"high\" decoding=\"async\" width=\"857\" height=\"291\" src=\"https:\/\/corredorjuarez.com\/wp-content\/uploads\/2025\/12\/Screenshot_2025-12-14_at_11.35.23_p.m.-removebg-preview.webp\" class=\"attachment-large size-large wp-image-2361\" alt=\"\" srcset=\"https:\/\/corredorjuarez.com\/wp-content\/uploads\/2025\/12\/Screenshot_2025-12-14_at_11.35.23_p.m.-removebg-preview.webp 857w, https:\/\/corredorjuarez.com\/wp-content\/uploads\/2025\/12\/Screenshot_2025-12-14_at_11.35.23_p.m.-removebg-preview-300x102.webp 300w, https:\/\/corredorjuarez.com\/wp-content\/uploads\/2025\/12\/Screenshot_2025-12-14_at_11.35.23_p.m.-removebg-preview-768x261.webp 768w\" sizes=\"(max-width: 857px) 100vw, 857px\" \/>\t\t\t\t\t\t\t\t\t\t\t\t\t\t\t<\/div>\n\t\t\t\t<\/div>\n\t\t\t\t<div class=\"elementor-element elementor-element-772a22fc elementor-widget elementor-widget-text-editor\" data-id=\"772a22fc\" data-element_type=\"widget\" data-e-type=\"widget\" data-widget_type=\"text-editor.default\">\n\t\t\t\t\t\t\t\t\t<p class=\"lang-es notranslate\"><i class=\"fa-solid fa-map-pin\" style=\"color: #ff00e7;\"><\/i>\n<a style=\"text-decoration: underline; font-weight: bold;\" href=\"https:\/\/www.google.com\/maps\/place\/Galer%C3%ADa+Ethra\/@19.4268689,-99.1631231,17z\/data=!3m1!4b1!4m6!3m5!1s0x85d1f8a52ccb58af:0xb7b4c190f29728b3!8m2!3d19.4268639!4d-99.1605482!16s%2Fg%2F11s1tylc_9?entry=ttu&amp;g_ep=EgoyMDI1MTEyMy4xIKXMDSoASAFQAw%3D%3D\" target=\"_blank\" rel=\"noopener\">\nLondres 54, Colonia Ju\u00e1rez\n<\/a><\/p>\n<p class=\"lang-en notranslate\"><i class=\"fa-solid fa-map-pin\" style=\"color: #ff00e7;\"><\/i>\n<a style=\"text-decoration: underline; font-weight: bold;\" href=\"https:\/\/www.google.com\/maps\/place\/Galer%C3%ADa+Ethra\/@19.4268689,-99.1631231,17z\/data=!3m1!4b1!4m6!3m5!1s0x85d1f8a52ccb58af:0xb7b4c190f29728b3!8m2!3d19.4268639!4d-99.1605482!16s%2Fg%2F11s1tylc_9?entry=ttu&amp;g_ep=EgoyMDI1MTEyMy4xIKXMDSoASAFQAw%3D%3D\" target=\"_blank\" rel=\"noopener\">\nLondres 54, Colonia Ju\u00e1rez\n<\/a><\/p>\n<p>\n\n<i class=\"fa-brands fa-instagram\" style=\"color: #ff00e7;\"><\/i>\n<a style=\"text-decoration: underline; font-weight: bold;\" href=\"https:\/\/www.instagram.com\/galeriaethra\/\" target=\"_blank\" rel=\"noopener\">\n@galeriaethra\n<\/a>\n<\/p>\n<p>\n<i class=\"fa-regular fa-calendar\" style=\"color: #ff00e7;\"><\/i>\n<b>Martes a s\u00e1bado de 11am a 6pm<\/b>\n<\/p>\n<p>\n<i class=\"fa-brands fa-whatsapp\" style=\"color: #009e74;\"><\/i>\n<a style=\"text-decoration: none; font-weight: bold;\" href=\"tel:+5255 55 14 59 75\">\n55 55 14 59 75\n<\/a><\/p>\n<p style=\"text-decoration: underline;\"><a href=\"https:\/\/galeriaethra.com\/\" target=\"_blank\" rel=\"noopener\"><i class=\"fa-solid fa-arrow-up-right-from-square\" style=\"color: #ff00e7;\"><\/i>https:\/\/galeriaethra.com\/<\/a><\/p>\n<i class=\"fa-regular fa-note-sticky\" style=\"color: #ff00e7;\"><\/i>\nNo se necesita cita\t\t\t\t\t\t\t\t<\/div>\n\t\t\t\t<\/div>\n\t\t<div class=\"elementor-element elementor-element-5f5bc54c e-con-full e-flex e-con e-child\" data-id=\"5f5bc54c\" data-element_type=\"container\" data-e-type=\"container\">\n\t\t\t\t<div class=\"elementor-element elementor-element-71e6a546 elementor-widget elementor-widget-image\" data-id=\"71e6a546\" data-element_type=\"widget\" data-e-type=\"widget\" data-widget_type=\"image.default\">\n\t\t\t\t\t\t\t\t\t\t\t\t\t\t\t<img decoding=\"async\" width=\"806\" height=\"836\" src=\"https:\/\/corredorjuarez.com\/wp-content\/uploads\/2025\/12\/Screenshot-2025-12-14-at-11.34.01-p.m.png\" class=\"attachment-large size-large wp-image-2352\" alt=\"\" srcset=\"https:\/\/corredorjuarez.com\/wp-content\/uploads\/2025\/12\/Screenshot-2025-12-14-at-11.34.01-p.m.png 806w, https:\/\/corredorjuarez.com\/wp-content\/uploads\/2025\/12\/Screenshot-2025-12-14-at-11.34.01-p.m-289x300.png 289w, https:\/\/corredorjuarez.com\/wp-content\/uploads\/2025\/12\/Screenshot-2025-12-14-at-11.34.01-p.m-768x797.png 768w\" sizes=\"(max-width: 806px) 100vw, 806px\" \/>\t\t\t\t\t\t\t\t\t\t\t\t\t\t\t<\/div>\n\t\t\t\t<\/div>\n\t\t\t\t<\/div>\n\t\t\t\t<\/div>\n\t\t","protected":false},"excerpt":{"rendered":"<p>Galer\u00eda Ethra Galer\u00eda de arte Galer\u00eda Ethra Contemporary Art Gallery Londres 54, Colonia Ju\u00e1rez Londres 54, Colonia Ju\u00e1rez @galeriaethra Martes a s\u00e1bado de 11am a 6pm 55 55 14 59 75 https:\/\/galeriaethra.com\/ No se necesita cita<\/p>\n","protected":false},"author":1,"featured_media":0,"parent":0,"menu_order":0,"comment_status":"closed","ping_status":"closed","template":"","meta":{"footnotes":""},"class_list":["post-1907","page","type-page","status-publish","hentry"],"blocksy_meta":[],"_links":{"self":[{"href":"https:\/\/corredorjuarez.com\/index.php\/wp-json\/wp\/v2\/pages\/1907","targetHints":{"allow":["GET"]}}],"collection":[{"href":"https:\/\/corredorjuarez.com\/index.php\/wp-json\/wp\/v2\/pages"}],"about":[{"href":"https:\/\/corredorjuarez.com\/index.php\/wp-json\/wp\/v2\/types\/page"}],"author":[{"embeddable":true,"href":"https:\/\/corredorjuarez.com\/index.php\/wp-json\/wp\/v2\/users\/1"}],"replies":[{"embeddable":true,"href":"https:\/\/corredorjuarez.com\/index.php\/wp-json\/wp\/v2\/comments?post=1907"}],"version-history":[{"count":56,"href":"https:\/\/corredorjuarez.com\/index.php\/wp-json\/wp\/v2\/pages\/1907\/revisions"}],"predecessor-version":[{"id":3478,"href":"https:\/\/corredorjuarez.com\/index.php\/wp-json\/wp\/v2\/pages\/1907\/revisions\/3478"}],"wp:attachment":[{"href":"https:\/\/corredorjuarez.com\/index.php\/wp-json\/wp\/v2\/media?parent=1907"}],"curies":[{"name":"wp","href":"https:\/\/api.w.org\/{rel}","templated":true}]}}